{"id":2001763,"date":"2019-01-07T10:02:35","date_gmt":"2019-01-07T09:02:35","guid":{"rendered":"https:\/\/de.tilta.com\/shop\/cable-de-lemo-de-2-patillas-a-dc-macho-de-55-21-mm\/"},"modified":"2025-12-05T13:30:37","modified_gmt":"2025-12-05T12:30:37","slug":"2-pin-lemo-to-5-5-2-1mm-dc-male-cable","status":"publish","type":"product","link":"https:\/\/eu.tilta.com\/es\/shop\/2-pin-lemo-to-5-5-2-1mm-dc-male-cable\/","title":{"rendered":"Cable de Lemo de 2 patillas a DC macho de 5,5\/2,1 mm"},"content":{"rendered":"<p>Este cable de alimentaci\u00f3n de Lemo de 2 patillas a CC macho de 5,5 mm x 2,1 mm te permite alimentar accesorios basados en corriente continua a trav\u00e9s de un puerto de alimentaci\u00f3n Lemo de 2 patillas de tu equipo fotogr\u00e1fico. Esto evita la necesidad de utilizar pilas adicionales para alimentar tus accesorios y, en su lugar, utiliza la fuente de alimentaci\u00f3n principal que tambi\u00e9n alimenta tu c\u00e1mara, manteniendo un factor de forma peque\u00f1o para la configuraci\u00f3n de tu c\u00e1mara.<\/p>\n","protected":false},"excerpt":{"rendered":"<p>Este cable de alimentaci\u00f3n de Lemo de 2 patillas a CC macho de 5,5 mm x 2,1 mm te permite alimentar accesorios basados en corriente continua a trav\u00e9s de un puerto de alimentaci\u00f3n Lemo de 2 patillas de tu equipo [&hellip;]<\/p>\n","protected":false},"featured_media":2001764,"comment_status":"closed","ping_status":"closed","template":"","meta":[],"product_cat":[2891],"product_tag":[],"acf":[],"gallery_images":[2001765],"_links":{"self":[{"href":"https:\/\/eu.tilta.com\/es\/wp-json\/wp\/v2\/product\/2001763"}],"collection":[{"href":"https:\/\/eu.tilta.com\/es\/wp-json\/wp\/v2\/product"}],"about":[{"href":"https:\/\/eu.tilta.com\/es\/wp-json\/wp\/v2\/types\/product"}],"replies":[{"embeddable":true,"href":"https:\/\/eu.tilta.com\/es\/wp-json\/wp\/v2\/comments?post=2001763"}],"wp:featuredmedia":[{"embeddable":true,"href":"https:\/\/eu.tilta.com\/es\/wp-json\/wp\/v2\/media\/2001764"}],"wp:attachment":[{"href":"https:\/\/eu.tilta.com\/es\/wp-json\/wp\/v2\/media?parent=2001763"}],"wp:term":[{"taxonomy":"product_cat","embeddable":true,"href":"https:\/\/eu.tilta.com\/es\/wp-json\/wp\/v2\/product_cat?post=2001763"},{"taxonomy":"product_tag","embeddable":true,"href":"https:\/\/eu.tilta.com\/es\/wp-json\/wp\/v2\/product_tag?post=2001763"}],"curies":[{"name":"wp","href":"https:\/\/api.w.org\/{rel}","templated":true}]}}