{"id":2001780,"date":"2018-12-06T16:30:07","date_gmt":"2018-12-06T15:30:07","guid":{"rendered":"https:\/\/de.tilta.com\/shop\/cable-de-alimentacion-de-6-patillas-a-4-patillas-xlr-de-la-placa-de-la-bateria-arri-alexa-mini\/"},"modified":"2025-12-05T13:30:39","modified_gmt":"2025-12-05T12:30:39","slug":"arri-alexa-mini-battery-plate-6-pin-to-4-pin-xlr-power-cable","status":"publish","type":"product","link":"https:\/\/eu.tilta.com\/es\/shop\/arri-alexa-mini-battery-plate-6-pin-to-4-pin-xlr-power-cable\/","title":{"rendered":"Cable de alimentaci\u00f3n de 6 patillas a 4 patillas XLR de la placa de la bater\u00eda Arri Alexa Mini"},"content":{"rendered":"<p>Este cable Lemo de 6 patillas a XLR de 4 patillas se utiliza para proporcionar alimentaci\u00f3n a tu Placa de bater\u00eda para Arri Alexa Mini desde una fuente externa. El extremo de 6 patillas del cable va al puerto de entrada de alimentaci\u00f3n Lemo de 12-14,8v y 6 patillas de la placa de la bater\u00eda, y el extremo XLR de 4 patillas del cable va a la fuente de alimentaci\u00f3n externa (como una bater\u00eda de bloque de c\u00e1mara).<\/p>\n","protected":false},"excerpt":{"rendered":"<p>Este cable Lemo de 6 patillas a XLR de 4 patillas se utiliza para proporcionar alimentaci\u00f3n a tu Placa de bater\u00eda para Arri Alexa Mini desde una fuente externa. El extremo de 6 patillas del cable va al puerto de [&hellip;]<\/p>\n","protected":false},"featured_media":2001781,"comment_status":"closed","ping_status":"closed","template":"","meta":[],"product_cat":[2891],"product_tag":[],"acf":[],"gallery_images":[],"_links":{"self":[{"href":"https:\/\/eu.tilta.com\/es\/wp-json\/wp\/v2\/product\/2001780"}],"collection":[{"href":"https:\/\/eu.tilta.com\/es\/wp-json\/wp\/v2\/product"}],"about":[{"href":"https:\/\/eu.tilta.com\/es\/wp-json\/wp\/v2\/types\/product"}],"replies":[{"embeddable":true,"href":"https:\/\/eu.tilta.com\/es\/wp-json\/wp\/v2\/comments?post=2001780"}],"wp:featuredmedia":[{"embeddable":true,"href":"https:\/\/eu.tilta.com\/es\/wp-json\/wp\/v2\/media\/2001781"}],"wp:attachment":[{"href":"https:\/\/eu.tilta.com\/es\/wp-json\/wp\/v2\/media?parent=2001780"}],"wp:term":[{"taxonomy":"product_cat","embeddable":true,"href":"https:\/\/eu.tilta.com\/es\/wp-json\/wp\/v2\/product_cat?post=2001780"},{"taxonomy":"product_tag","embeddable":true,"href":"https:\/\/eu.tilta.com\/es\/wp-json\/wp\/v2\/product_tag?post=2001780"}],"curies":[{"name":"wp","href":"https:\/\/api.w.org\/{rel}","templated":true}]}}