{"id":2001782,"date":"2018-11-12T14:13:56","date_gmt":"2018-11-12T13:13:56","guid":{"rendered":"https:\/\/de.tilta.com\/shop\/cable-usb-c-de-90-grados-20-cm\/"},"modified":"2025-12-05T13:30:39","modified_gmt":"2025-12-05T12:30:39","slug":"90-degree-usb-c-cable-for-bmpcc-4k-20cm","status":"publish","type":"product","link":"https:\/\/eu.tilta.com\/es\/shop\/90-degree-usb-c-cable-for-bmpcc-4k-20cm\/","title":{"rendered":"Cable USB-C de 90 grados (20 cm)"},"content":{"rendered":"<p>Este cable USB-C de 20 cm se ha dise\u00f1ado espec\u00edficamente para integrarse en la jaula de la c\u00e1mara Tilta BMPCC 4K. Est\u00e1 dise\u00f1ado con una conexi\u00f3n de 90 grados en cada extremo para que el cable abrace perfectamente el lateral de la jaula.<\/p>\n","protected":false},"excerpt":{"rendered":"<p>Este cable USB-C de 20 cm se ha dise\u00f1ado espec\u00edficamente para integrarse en la jaula de la c\u00e1mara Tilta BMPCC 4K. Est\u00e1 dise\u00f1ado con una conexi\u00f3n de 90 grados en cada extremo para que el cable abrace perfectamente el lateral [&hellip;]<\/p>\n","protected":false},"featured_media":0,"comment_status":"closed","ping_status":"closed","template":"","meta":[],"product_cat":[3386,2749,2719,2853],"product_tag":[],"acf":[],"gallery_images":[46537],"_links":{"self":[{"href":"https:\/\/eu.tilta.com\/es\/wp-json\/wp\/v2\/product\/2001782"}],"collection":[{"href":"https:\/\/eu.tilta.com\/es\/wp-json\/wp\/v2\/product"}],"about":[{"href":"https:\/\/eu.tilta.com\/es\/wp-json\/wp\/v2\/types\/product"}],"replies":[{"embeddable":true,"href":"https:\/\/eu.tilta.com\/es\/wp-json\/wp\/v2\/comments?post=2001782"}],"wp:attachment":[{"href":"https:\/\/eu.tilta.com\/es\/wp-json\/wp\/v2\/media?parent=2001782"}],"wp:term":[{"taxonomy":"product_cat","embeddable":true,"href":"https:\/\/eu.tilta.com\/es\/wp-json\/wp\/v2\/product_cat?post=2001782"},{"taxonomy":"product_tag","embeddable":true,"href":"https:\/\/eu.tilta.com\/es\/wp-json\/wp\/v2\/product_tag?post=2001782"}],"curies":[{"name":"wp","href":"https:\/\/api.w.org\/{rel}","templated":true}]}}