{"id":2001817,"date":"2018-11-27T22:24:39","date_gmt":"2018-11-27T21:24:39","guid":{"rendered":"https:\/\/de.tilta.com\/shop\/cordon-tactico\/"},"modified":"2026-04-14T09:17:20","modified_gmt":"2026-04-14T07:17:20","slug":"tactical-lanyard","status":"publish","type":"product","link":"https:\/\/eu.tilta.com\/es\/shop\/tactical-lanyard\/","title":{"rendered":"Cord\u00f3n t\u00e1ctico"},"content":{"rendered":"<p>Este cord\u00f3n puede fijarse tanto a la media jaula de la c\u00e1mara como a la jaula completa, as\u00ed como directamente al cuerpo de tu c\u00e1mara. Proporciona una forma c\u00f3moda de llevar la configuraci\u00f3n de tu c\u00e1mara alrededor del cuello.<\/p>\n","protected":false},"excerpt":{"rendered":"<p>Este cord\u00f3n puede fijarse tanto a la media jaula de la c\u00e1mara como a la jaula completa, as\u00ed como directamente al cuerpo de tu c\u00e1mara. Proporciona una forma c\u00f3moda de llevar la configuraci\u00f3n de tu c\u00e1mara alrededor del cuello.<\/p>\n","protected":false},"featured_media":0,"comment_status":"closed","ping_status":"closed","template":"","meta":[],"product_cat":[2923],"product_tag":[],"acf":[],"gallery_images":[],"_links":{"self":[{"href":"https:\/\/eu.tilta.com\/es\/wp-json\/wp\/v2\/product\/2001817"}],"collection":[{"href":"https:\/\/eu.tilta.com\/es\/wp-json\/wp\/v2\/product"}],"about":[{"href":"https:\/\/eu.tilta.com\/es\/wp-json\/wp\/v2\/types\/product"}],"replies":[{"embeddable":true,"href":"https:\/\/eu.tilta.com\/es\/wp-json\/wp\/v2\/comments?post=2001817"}],"wp:attachment":[{"href":"https:\/\/eu.tilta.com\/es\/wp-json\/wp\/v2\/media?parent=2001817"}],"wp:term":[{"taxonomy":"product_cat","embeddable":true,"href":"https:\/\/eu.tilta.com\/es\/wp-json\/wp\/v2\/product_cat?post=2001817"},{"taxonomy":"product_tag","embeddable":true,"href":"https:\/\/eu.tilta.com\/es\/wp-json\/wp\/v2\/product_tag?post=2001817"}],"curies":[{"name":"wp","href":"https:\/\/api.w.org\/{rel}","templated":true}]}}