{"id":2001827,"date":"2019-02-18T11:00:52","date_gmt":"2019-02-18T10:00:52","guid":{"rendered":"https:\/\/de.tilta.com\/shop\/cable-p-tap-a-50-30-mm-dc-macho-para-sony-fs7-y-fs5\/"},"modified":"2025-12-05T13:30:42","modified_gmt":"2025-12-05T12:30:42","slug":"p-tap-to-5-5-3-0mm-dc-male-cable-for-sony-fs5-fs7-panasonic-eva1-canon-c100-c100-mk-ii-c300-and-c500","status":"publish","type":"product","link":"https:\/\/eu.tilta.com\/es\/shop\/p-tap-to-5-5-3-0mm-dc-male-cable-for-sony-fs5-fs7-panasonic-eva1-canon-c100-c100-mk-ii-c300-and-c500\/","title":{"rendered":"Cable P-TAP a 5,0\/3,0 mm DC Macho para Sony FS7 y FS5"},"content":{"rendered":"<p>Este cable de alimentaci\u00f3n de P-tap a 5,0\/3,0 mm CC macho se dise\u00f1\u00f3 para utilizarlo con la Placa de bater\u00eda universal Tilta (aunque no exclusivamente). Te permite alimentar la Sony FS7 y FS5 a trav\u00e9s de un puerto de alimentaci\u00f3n P-tap.<\/p>\n","protected":false},"excerpt":{"rendered":"<p>Este cable de alimentaci\u00f3n de P-tap a 5,0\/3,0 mm CC macho se dise\u00f1\u00f3 para utilizarlo con la Placa de bater\u00eda universal Tilta (aunque no exclusivamente). Te permite alimentar la Sony FS7 y FS5 a trav\u00e9s de un puerto de alimentaci\u00f3n [&hellip;]<\/p>\n","protected":false},"featured_media":2001828,"comment_status":"closed","ping_status":"closed","template":"","meta":[],"product_cat":[2891],"product_tag":[],"acf":[],"gallery_images":[],"_links":{"self":[{"href":"https:\/\/eu.tilta.com\/es\/wp-json\/wp\/v2\/product\/2001827"}],"collection":[{"href":"https:\/\/eu.tilta.com\/es\/wp-json\/wp\/v2\/product"}],"about":[{"href":"https:\/\/eu.tilta.com\/es\/wp-json\/wp\/v2\/types\/product"}],"replies":[{"embeddable":true,"href":"https:\/\/eu.tilta.com\/es\/wp-json\/wp\/v2\/comments?post=2001827"}],"wp:featuredmedia":[{"embeddable":true,"href":"https:\/\/eu.tilta.com\/es\/wp-json\/wp\/v2\/media\/2001828"}],"wp:attachment":[{"href":"https:\/\/eu.tilta.com\/es\/wp-json\/wp\/v2\/media?parent=2001827"}],"wp:term":[{"taxonomy":"product_cat","embeddable":true,"href":"https:\/\/eu.tilta.com\/es\/wp-json\/wp\/v2\/product_cat?post=2001827"},{"taxonomy":"product_tag","embeddable":true,"href":"https:\/\/eu.tilta.com\/es\/wp-json\/wp\/v2\/product_tag?post=2001827"}],"curies":[{"name":"wp","href":"https:\/\/api.w.org\/{rel}","templated":true}]}}