{"id":2001835,"date":"2019-02-13T12:16:33","date_gmt":"2019-02-13T11:16:33","guid":{"rendered":"https:\/\/de.tilta.com\/shop\/cable-de-bateria-ficticia-canon-lp-e6-a-fischer-de-3-patillas\/"},"modified":"2026-02-16T09:00:51","modified_gmt":"2026-02-16T08:00:51","slug":"canon-lp-e6-dummy-battery-to-3-pin-fischer-cable","status":"publish","type":"product","link":"https:\/\/eu.tilta.com\/es\/shop\/canon-lp-e6-dummy-battery-to-3-pin-fischer-cable\/","title":{"rendered":"Cable de bater\u00eda ficticia Canon LP-E6 a Fischer de 3 patillas"},"content":{"rendered":"<p>Este cable de bater\u00eda ficticia Canon LP-E6 a Fischer de 3 patillas se dise\u00f1\u00f3 para utilizarlo con la Placa universal para bater\u00eda Tilta (aunque no exclusivamente). Te permite alimentar c\u00e1maras que utilicen pilas LP-E6 de Canon, as\u00ed como accesorios basados en la alimentaci\u00f3n LP-E6 de Canon, a trav\u00e9s de un puerto de alimentaci\u00f3n Fischer de 3 patillas.<\/p>\n","protected":false},"excerpt":{"rendered":"<p>Este cable de bater\u00eda ficticia Canon LP-E6 a Fischer de 3 patillas se dise\u00f1\u00f3 para utilizarlo con la Placa universal para bater\u00eda Tilta (aunque no exclusivamente). Te permite alimentar c\u00e1maras que utilicen pilas LP-E6 de Canon, as\u00ed como accesorios basados [&hellip;]<\/p>\n","protected":false},"featured_media":2001836,"comment_status":"closed","ping_status":"closed","template":"","meta":[],"product_cat":[2892,2943],"product_tag":[],"acf":[],"gallery_images":[],"_links":{"self":[{"href":"https:\/\/eu.tilta.com\/es\/wp-json\/wp\/v2\/product\/2001835"}],"collection":[{"href":"https:\/\/eu.tilta.com\/es\/wp-json\/wp\/v2\/product"}],"about":[{"href":"https:\/\/eu.tilta.com\/es\/wp-json\/wp\/v2\/types\/product"}],"replies":[{"embeddable":true,"href":"https:\/\/eu.tilta.com\/es\/wp-json\/wp\/v2\/comments?post=2001835"}],"wp:featuredmedia":[{"embeddable":true,"href":"https:\/\/eu.tilta.com\/es\/wp-json\/wp\/v2\/media\/2001836"}],"wp:attachment":[{"href":"https:\/\/eu.tilta.com\/es\/wp-json\/wp\/v2\/media?parent=2001835"}],"wp:term":[{"taxonomy":"product_cat","embeddable":true,"href":"https:\/\/eu.tilta.com\/es\/wp-json\/wp\/v2\/product_cat?post=2001835"},{"taxonomy":"product_tag","embeddable":true,"href":"https:\/\/eu.tilta.com\/es\/wp-json\/wp\/v2\/product_tag?post=2001835"}],"curies":[{"name":"wp","href":"https:\/\/api.w.org\/{rel}","templated":true}]}}