{"id":2001842,"date":"2019-02-12T18:38:49","date_gmt":"2019-02-12T17:38:49","guid":{"rendered":"https:\/\/de.tilta.com\/shop\/adaptador-de-varilla-lws-de-15-mm-para-placa-de-bateria-universal\/"},"modified":"2025-12-05T13:30:56","modified_gmt":"2025-12-05T12:30:56","slug":"tilta-universal-battery-plate-15mm-rod-adapter-for-replacement","status":"publish","type":"product","link":"https:\/\/eu.tilta.com\/es\/shop\/tilta-universal-battery-plate-15mm-rod-adapter-for-replacement\/","title":{"rendered":"Adaptador de varilla LWS de 15 mm para placa de bater\u00eda universal"},"content":{"rendered":"<p>Este adaptador de varilla LWS de 15 mm te permite acoplar la Placa de bater\u00eda universal a varillas LWS de 15 mm. El adaptador se puede acoplar a la parte superior o inferior de la Placa de Bater\u00eda Universal para obtener diversas configuraciones de montaje.<\/p>\n","protected":false},"excerpt":{"rendered":"<p>Este adaptador de varilla LWS de 15 mm te permite acoplar la Placa de bater\u00eda universal a varillas LWS de 15 mm. El adaptador se puede acoplar a la parte superior o inferior de la Placa de Bater\u00eda Universal para [&hellip;]<\/p>\n","protected":false},"featured_media":0,"comment_status":"closed","ping_status":"closed","template":"","meta":[],"product_cat":[2852],"product_tag":[],"acf":[],"gallery_images":[11568],"_links":{"self":[{"href":"https:\/\/eu.tilta.com\/es\/wp-json\/wp\/v2\/product\/2001842"}],"collection":[{"href":"https:\/\/eu.tilta.com\/es\/wp-json\/wp\/v2\/product"}],"about":[{"href":"https:\/\/eu.tilta.com\/es\/wp-json\/wp\/v2\/types\/product"}],"replies":[{"embeddable":true,"href":"https:\/\/eu.tilta.com\/es\/wp-json\/wp\/v2\/comments?post=2001842"}],"wp:attachment":[{"href":"https:\/\/eu.tilta.com\/es\/wp-json\/wp\/v2\/media?parent=2001842"}],"wp:term":[{"taxonomy":"product_cat","embeddable":true,"href":"https:\/\/eu.tilta.com\/es\/wp-json\/wp\/v2\/product_cat?post=2001842"},{"taxonomy":"product_tag","embeddable":true,"href":"https:\/\/eu.tilta.com\/es\/wp-json\/wp\/v2\/product_tag?post=2001842"}],"curies":[{"name":"wp","href":"https:\/\/api.w.org\/{rel}","templated":true}]}}