{"id":2001844,"date":"2019-01-25T18:06:53","date_gmt":"2019-01-25T17:06:53","guid":{"rendered":"https:\/\/de.tilta.com\/shop\/brazos-laterales-profesionales-con-empunaduras-de-espuma-pareja\/"},"modified":"2025-12-05T13:30:56","modified_gmt":"2025-12-05T12:30:56","slug":"professional-handgrips-side-arms-pair","status":"publish","type":"product","link":"https:\/\/eu.tilta.com\/es\/shop\/professional-handgrips-side-arms-pair\/","title":{"rendered":"Brazos laterales profesionales con empu\u00f1aduras de espuma (Pareja)"},"content":{"rendered":"<p>Este par de empu\u00f1aduras incorpora conexiones de roseta est\u00e1ndar Arri, por lo que pueden acoplarse a cualquier roseta compatible. Los brazos ajustables y extensibles te permiten ajustar el \u00e1ngulo y la longitud de las empu\u00f1aduras para lograr la m\u00e1xima comodidad de manejo.<\/p>\n","protected":false},"excerpt":{"rendered":"<p>Este par de empu\u00f1aduras incorpora conexiones de roseta est\u00e1ndar Arri, por lo que pueden acoplarse a cualquier roseta compatible. Los brazos ajustables y extensibles te permiten ajustar el \u00e1ngulo y la longitud de las empu\u00f1aduras para lograr la m\u00e1xima comodidad [&hellip;]<\/p>\n","protected":false},"featured_media":2001845,"comment_status":"closed","ping_status":"closed","template":"","meta":[],"product_cat":[3230,2876],"product_tag":[],"acf":[],"gallery_images":[],"_links":{"self":[{"href":"https:\/\/eu.tilta.com\/es\/wp-json\/wp\/v2\/product\/2001844"}],"collection":[{"href":"https:\/\/eu.tilta.com\/es\/wp-json\/wp\/v2\/product"}],"about":[{"href":"https:\/\/eu.tilta.com\/es\/wp-json\/wp\/v2\/types\/product"}],"replies":[{"embeddable":true,"href":"https:\/\/eu.tilta.com\/es\/wp-json\/wp\/v2\/comments?post=2001844"}],"wp:featuredmedia":[{"embeddable":true,"href":"https:\/\/eu.tilta.com\/es\/wp-json\/wp\/v2\/media\/2001845"}],"wp:attachment":[{"href":"https:\/\/eu.tilta.com\/es\/wp-json\/wp\/v2\/media?parent=2001844"}],"wp:term":[{"taxonomy":"product_cat","embeddable":true,"href":"https:\/\/eu.tilta.com\/es\/wp-json\/wp\/v2\/product_cat?post=2001844"},{"taxonomy":"product_tag","embeddable":true,"href":"https:\/\/eu.tilta.com\/es\/wp-json\/wp\/v2\/product_tag?post=2001844"}],"curies":[{"name":"wp","href":"https:\/\/api.w.org\/{rel}","templated":true}]}}