{"id":2001861,"date":"2019-01-17T10:29:17","date_gmt":"2019-01-17T09:29:17","guid":{"rendered":"https:\/\/de.tilta.com\/shop\/cable-lemo-de-2-patillas-a-lemo-de-2-patillas\/"},"modified":"2025-12-05T13:30:57","modified_gmt":"2025-12-05T12:30:57","slug":"2-pin-to-2-pin-lemo-cable","status":"publish","type":"product","link":"https:\/\/eu.tilta.com\/es\/shop\/2-pin-to-2-pin-lemo-cable\/","title":{"rendered":"Cable Lemo de 2 patillas a Lemo de 2 patillas"},"content":{"rendered":"<p>Este cable de alimentaci\u00f3n de Lemo de 2 patillas a Lemo de 2 patillas te permite alimentar accesorios basados en Lemo de 2 patillas a trav\u00e9s de un puerto de alimentaci\u00f3n Lemo de 2 patillas de tu equipo de c\u00e1mara.<\/p>\n","protected":false},"excerpt":{"rendered":"<p>Este cable de alimentaci\u00f3n de Lemo de 2 patillas a Lemo de 2 patillas te permite alimentar accesorios basados en Lemo de 2 patillas a trav\u00e9s de un puerto de alimentaci\u00f3n Lemo de 2 patillas de tu equipo de c\u00e1mara.<\/p>\n","protected":false},"featured_media":2001864,"comment_status":"closed","ping_status":"closed","template":"","meta":[],"product_cat":[2891],"product_tag":[],"acf":[],"gallery_images":[10877],"_links":{"self":[{"href":"https:\/\/eu.tilta.com\/es\/wp-json\/wp\/v2\/product\/2001861"}],"collection":[{"href":"https:\/\/eu.tilta.com\/es\/wp-json\/wp\/v2\/product"}],"about":[{"href":"https:\/\/eu.tilta.com\/es\/wp-json\/wp\/v2\/types\/product"}],"replies":[{"embeddable":true,"href":"https:\/\/eu.tilta.com\/es\/wp-json\/wp\/v2\/comments?post=2001861"}],"wp:featuredmedia":[{"embeddable":true,"href":"https:\/\/eu.tilta.com\/es\/wp-json\/wp\/v2\/media\/2001864"}],"wp:attachment":[{"href":"https:\/\/eu.tilta.com\/es\/wp-json\/wp\/v2\/media?parent=2001861"}],"wp:term":[{"taxonomy":"product_cat","embeddable":true,"href":"https:\/\/eu.tilta.com\/es\/wp-json\/wp\/v2\/product_cat?post=2001861"},{"taxonomy":"product_tag","embeddable":true,"href":"https:\/\/eu.tilta.com\/es\/wp-json\/wp\/v2\/product_tag?post=2001861"}],"curies":[{"name":"wp","href":"https:\/\/api.w.org\/{rel}","templated":true}]}}