{"id":2001889,"date":"2019-04-26T20:36:24","date_gmt":"2019-04-26T18:36:24","guid":{"rendered":"https:\/\/de.tilta.com\/shop\/placa-base-lws-de-15-mm-tipo-i\/"},"modified":"2025-12-05T13:31:13","modified_gmt":"2025-12-05T12:31:13","slug":"15mm-lws-baseplate-for-bmpcc4k","status":"publish","type":"product","link":"https:\/\/eu.tilta.com\/es\/shop\/15mm-lws-baseplate-for-bmpcc4k\/","title":{"rendered":"Placa base LWS de 15 mm Tipo I"},"content":{"rendered":"<p>Esta placa base LWS de 15 mm se desliza f\u00e1cilmente sobre la base de las jaulas de media c\u00e1mara y c\u00e1mara completa Tiltaing para Z CAM, BMPCC 4K\/6K, Canon R5\/R6, .<\/p>\n<p>Dispone de portaca\u00f1as LWS de 15 mm para que puedas acoplar accesorios basados en ca\u00f1as y es compatible con las colas de milano est\u00e1ndar Tilta o las colas de milano est\u00e1ndar ARRI mediante un adaptador.<\/p>\n<p>Las roscas 1\/4\u2033-20 de la parte inferior admiten casi cualquier placa de liberaci\u00f3n r\u00e1pida.<\/p>\n","protected":false},"excerpt":{"rendered":"<p>Esta placa base LWS de 15 mm se desliza f\u00e1cilmente sobre la base de las jaulas de media c\u00e1mara y c\u00e1mara completa Tiltaing para Z CAM, BMPCC 4K\/6K, Canon R5\/R6, . Dispone de portaca\u00f1as LWS de 15 mm para que [&hellip;]<\/p>\n","protected":false},"featured_media":0,"comment_status":"closed","ping_status":"closed","template":"","meta":[],"product_cat":[2719,2813,2830,2819,2822,2723,2731,2729,2877,2943],"product_tag":[],"acf":[],"gallery_images":[885061,46179],"_links":{"self":[{"href":"https:\/\/eu.tilta.com\/es\/wp-json\/wp\/v2\/product\/2001889"}],"collection":[{"href":"https:\/\/eu.tilta.com\/es\/wp-json\/wp\/v2\/product"}],"about":[{"href":"https:\/\/eu.tilta.com\/es\/wp-json\/wp\/v2\/types\/product"}],"replies":[{"embeddable":true,"href":"https:\/\/eu.tilta.com\/es\/wp-json\/wp\/v2\/comments?post=2001889"}],"wp:attachment":[{"href":"https:\/\/eu.tilta.com\/es\/wp-json\/wp\/v2\/media?parent=2001889"}],"wp:term":[{"taxonomy":"product_cat","embeddable":true,"href":"https:\/\/eu.tilta.com\/es\/wp-json\/wp\/v2\/product_cat?post=2001889"},{"taxonomy":"product_tag","embeddable":true,"href":"https:\/\/eu.tilta.com\/es\/wp-json\/wp\/v2\/product_tag?post=2001889"}],"curies":[{"name":"wp","href":"https:\/\/api.w.org\/{rel}","templated":true}]}}