{"id":2001900,"date":"2019-03-05T11:25:44","date_gmt":"2019-03-05T10:25:44","guid":{"rendered":"https:\/\/de.tilta.com\/shop\/bandeja-de-filtro-4x565-para-mb-t12\/"},"modified":"2026-02-16T09:00:52","modified_gmt":"2026-02-16T08:00:52","slug":"4x4-56-filter-tray-for-mb-t12","status":"publish","type":"product","link":"https:\/\/eu.tilta.com\/es\/shop\/4x4-56-filter-tray-for-mb-t12\/","title":{"rendered":"Bandeja de filtro 4&#215;5,65 para MB-T12"},"content":{"rendered":"<p>Esta bandeja para filtros 4&#215;5,65 est\u00e1 dise\u00f1ada espec\u00edficamente para la caja de mateado con pinza de fibra de carbono MB-T12.<\/p>\n","protected":false},"excerpt":{"rendered":"<p>Esta bandeja para filtros 4&#215;5,65 est\u00e1 dise\u00f1ada espec\u00edficamente para la caja de mateado con pinza de fibra de carbono MB-T12.<\/p>\n","protected":false},"featured_media":2001902,"comment_status":"closed","ping_status":"closed","template":"","meta":[],"product_cat":[2854,2905],"product_tag":[],"acf":[],"gallery_images":[],"_links":{"self":[{"href":"https:\/\/eu.tilta.com\/es\/wp-json\/wp\/v2\/product\/2001900"}],"collection":[{"href":"https:\/\/eu.tilta.com\/es\/wp-json\/wp\/v2\/product"}],"about":[{"href":"https:\/\/eu.tilta.com\/es\/wp-json\/wp\/v2\/types\/product"}],"replies":[{"embeddable":true,"href":"https:\/\/eu.tilta.com\/es\/wp-json\/wp\/v2\/comments?post=2001900"}],"wp:featuredmedia":[{"embeddable":true,"href":"https:\/\/eu.tilta.com\/es\/wp-json\/wp\/v2\/media\/2001902"}],"wp:attachment":[{"href":"https:\/\/eu.tilta.com\/es\/wp-json\/wp\/v2\/media?parent=2001900"}],"wp:term":[{"taxonomy":"product_cat","embeddable":true,"href":"https:\/\/eu.tilta.com\/es\/wp-json\/wp\/v2\/product_cat?post=2001900"},{"taxonomy":"product_tag","embeddable":true,"href":"https:\/\/eu.tilta.com\/es\/wp-json\/wp\/v2\/product_tag?post=2001900"}],"curies":[{"name":"wp","href":"https:\/\/api.w.org\/{rel}","templated":true}]}}