{"id":2001909,"date":"2019-03-15T13:30:38","date_gmt":"2019-03-15T12:30:38","guid":{"rendered":"https:\/\/de.tilta.com\/shop\/soporte-de-cana-simple-lateral-de-15-mm\/"},"modified":"2026-02-16T09:03:11","modified_gmt":"2026-02-16T08:03:11","slug":"15mm-side-single-rod-holder","status":"publish","type":"product","link":"https:\/\/eu.tilta.com\/es\/shop\/15mm-side-single-rod-holder\/","title":{"rendered":"Soporte de ca\u00f1a simple lateral de 15 mm"},"content":{"rendered":"<p>Este soporte de varilla simple de 15 mm se monta a lo largo del lateral de las jaulas de media c\u00e1mara y de c\u00e1mara completa Tiltaing.<\/p>\n<p>Te permite fijar una \u00fanica varilla de 15 mm en el lateral de la c\u00e1mara para sujetar accesorios basados en varillas, como motores de enfoque de seguimiento inal\u00e1mbricos.<\/p>\n<p>El dise\u00f1o de este Portaca\u00f1as lo convierte en una de las mejores opciones ligeras para fijar una ca\u00f1a de 15 mm a tu sistema.<\/p>\n<p>Esto lo convierte en la soluci\u00f3n perfecta para cardanes y otras construcciones de c\u00e1maras en las que el peso es importante.<\/p>\n","protected":false},"excerpt":{"rendered":"<p>Este soporte de varilla simple de 15 mm se monta a lo largo del lateral de las jaulas de media c\u00e1mara y de c\u00e1mara completa Tiltaing. Te permite fijar una \u00fanica varilla de 15 mm en el lateral de la [&hellip;]<\/p>\n","protected":false},"featured_media":0,"comment_status":"closed","ping_status":"closed","template":"","meta":[],"product_cat":[4448,2737,2719,2843,2844,2834,2842,2833,2831,2740,2735,2813,2814,2747,2839,2742,2817,2837,2739,2818,2790,2744,2830,2819,2820,2821,2822,2746,2723,2824,2840,2835,2745,2832,2786,2736,2828,2734,2725,2775,2825,2731,2729,2730,2881],"product_tag":[],"acf":[],"gallery_images":[46362,46363],"_links":{"self":[{"href":"https:\/\/eu.tilta.com\/es\/wp-json\/wp\/v2\/product\/2001909"}],"collection":[{"href":"https:\/\/eu.tilta.com\/es\/wp-json\/wp\/v2\/product"}],"about":[{"href":"https:\/\/eu.tilta.com\/es\/wp-json\/wp\/v2\/types\/product"}],"replies":[{"embeddable":true,"href":"https:\/\/eu.tilta.com\/es\/wp-json\/wp\/v2\/comments?post=2001909"}],"wp:attachment":[{"href":"https:\/\/eu.tilta.com\/es\/wp-json\/wp\/v2\/media?parent=2001909"}],"wp:term":[{"taxonomy":"product_cat","embeddable":true,"href":"https:\/\/eu.tilta.com\/es\/wp-json\/wp\/v2\/product_cat?post=2001909"},{"taxonomy":"product_tag","embeddable":true,"href":"https:\/\/eu.tilta.com\/es\/wp-json\/wp\/v2\/product_tag?post=2001909"}],"curies":[{"name":"wp","href":"https:\/\/api.w.org\/{rel}","templated":true}]}}