{"id":2001912,"date":"2019-03-15T12:04:03","date_gmt":"2019-03-15T11:04:03","guid":{"rendered":"https:\/\/de.tilta.com\/shop\/cable-de-alimentacion-ptap-para-bmpcc-4k-6k\/"},"modified":"2026-02-16T09:00:53","modified_gmt":"2026-02-16T08:00:53","slug":"p-tap-to-bmpcc4k-power-cable","status":"publish","type":"product","link":"https:\/\/eu.tilta.com\/es\/shop\/p-tap-to-bmpcc4k-power-cable\/","title":{"rendered":"Cable de alimentaci\u00f3n PTAP para BMPCC 4K\/6K"},"content":{"rendered":"<p>Este cable de alimentaci\u00f3n P-tap se puede utilizar para proporcionar una mayor duraci\u00f3n de la bater\u00eda de tu c\u00e1mara BMPCC 4K\/6K con la variedad de placas de bater\u00eda y placas base de bater\u00eda que ofrecemos. El extremo P-tap va a una de las salidas P-tap de las placas de la bater\u00eda y las placas base de la bater\u00eda, y el otro extremo va al puerto de entrada de alimentaci\u00f3n de la BMPCC 4K\/6K.<\/p>\n","protected":false},"excerpt":{"rendered":"<p>Este cable de alimentaci\u00f3n P-tap se puede utilizar para proporcionar una mayor duraci\u00f3n de la bater\u00eda de tu c\u00e1mara BMPCC 4K\/6K con la variedad de placas de bater\u00eda y placas base de bater\u00eda que ofrecemos. El extremo P-tap va a [&hellip;]<\/p>\n","protected":false},"featured_media":0,"comment_status":"closed","ping_status":"closed","template":"","meta":[],"product_cat":[4448,2749,2737,2719,2903,2902,2891],"product_tag":[],"acf":[],"gallery_images":[46379,46388,46466,46467],"_links":{"self":[{"href":"https:\/\/eu.tilta.com\/es\/wp-json\/wp\/v2\/product\/2001912"}],"collection":[{"href":"https:\/\/eu.tilta.com\/es\/wp-json\/wp\/v2\/product"}],"about":[{"href":"https:\/\/eu.tilta.com\/es\/wp-json\/wp\/v2\/types\/product"}],"replies":[{"embeddable":true,"href":"https:\/\/eu.tilta.com\/es\/wp-json\/wp\/v2\/comments?post=2001912"}],"wp:attachment":[{"href":"https:\/\/eu.tilta.com\/es\/wp-json\/wp\/v2\/media?parent=2001912"}],"wp:term":[{"taxonomy":"product_cat","embeddable":true,"href":"https:\/\/eu.tilta.com\/es\/wp-json\/wp\/v2\/product_cat?post=2001912"},{"taxonomy":"product_tag","embeddable":true,"href":"https:\/\/eu.tilta.com\/es\/wp-json\/wp\/v2\/product_tag?post=2001912"}],"curies":[{"name":"wp","href":"https:\/\/api.w.org\/{rel}","templated":true}]}}