{"id":2001917,"date":"2019-07-25T10:03:06","date_gmt":"2019-07-25T08:03:06","guid":{"rendered":"https:\/\/de.tilta.com\/shop\/cable-de-alimentacion-del-motor-nucleus-m-de-8-v-cc-macho-a-7-patillas\/"},"modified":"2026-02-16T09:00:53","modified_gmt":"2026-02-16T08:00:53","slug":"8v-dc-male-to-7-pin-nucleus-m-motor-power-cable","status":"publish","type":"product","link":"https:\/\/eu.tilta.com\/es\/shop\/8v-dc-male-to-7-pin-nucleus-m-motor-power-cable\/","title":{"rendered":"Cable de alimentaci\u00f3n del motor Nucleus-M de 8 V CC macho a 7 patillas"},"content":{"rendered":"<p>Este cable de CC a 7 patillas para el Nucleus-M te permite alimentar los motores desde un puerto de salida de corriente continua de 5,5 mm x 2,1 mm. S\u00f3lo tienes que enchufar este cable a uno de los motores y luego conectar en cadena la alimentaci\u00f3n a los dem\u00e1s motores utilizando los cables de alimentaci\u00f3n Nucleus-M de 7 patillas a 7 patillas. Adem\u00e1s, para alimentar el Motor Nucleus-M desde la Bater\u00eda 18650.<\/p>\n","protected":false},"excerpt":{"rendered":"<p>Este cable de CC a 7 patillas para el Nucleus-M te permite alimentar los motores desde un puerto de salida de corriente continua de 5,5 mm x 2,1 mm. S\u00f3lo tienes que enchufar este cable a uno de los motores [&hellip;]<\/p>\n","protected":false},"featured_media":2001919,"comment_status":"closed","ping_status":"closed","template":"","meta":[],"product_cat":[4448,2891],"product_tag":[],"acf":[],"gallery_images":[43019],"_links":{"self":[{"href":"https:\/\/eu.tilta.com\/es\/wp-json\/wp\/v2\/product\/2001917"}],"collection":[{"href":"https:\/\/eu.tilta.com\/es\/wp-json\/wp\/v2\/product"}],"about":[{"href":"https:\/\/eu.tilta.com\/es\/wp-json\/wp\/v2\/types\/product"}],"replies":[{"embeddable":true,"href":"https:\/\/eu.tilta.com\/es\/wp-json\/wp\/v2\/comments?post=2001917"}],"wp:featuredmedia":[{"embeddable":true,"href":"https:\/\/eu.tilta.com\/es\/wp-json\/wp\/v2\/media\/2001919"}],"wp:attachment":[{"href":"https:\/\/eu.tilta.com\/es\/wp-json\/wp\/v2\/media?parent=2001917"}],"wp:term":[{"taxonomy":"product_cat","embeddable":true,"href":"https:\/\/eu.tilta.com\/es\/wp-json\/wp\/v2\/product_cat?post=2001917"},{"taxonomy":"product_tag","embeddable":true,"href":"https:\/\/eu.tilta.com\/es\/wp-json\/wp\/v2\/product_tag?post=2001917"}],"curies":[{"name":"wp","href":"https:\/\/api.w.org\/{rel}","templated":true}]}}