{"id":2001922,"date":"2019-05-16T18:06:34","date_gmt":"2019-05-16T16:06:34","guid":{"rendered":"https:\/\/de.tilta.com\/shop\/cable-de-alimentacion-de-12-v-micro-cc-macho-a-bmpcc-4k-6k\/"},"modified":"2025-12-05T13:31:16","modified_gmt":"2025-12-05T12:31:16","slug":"12v-micro-dc-male-nano-handle-to-bmpcc4k-power-cable","status":"publish","type":"product","link":"https:\/\/eu.tilta.com\/es\/shop\/12v-micro-dc-male-nano-handle-to-bmpcc4k-power-cable\/","title":{"rendered":"Cable de alimentaci\u00f3n de 12 V Micro CC macho a BMPCC 4K\/6K"},"content":{"rendered":"<p>Este cable te permite alimentar la BMPCC 4K\/6K mediante una conexi\u00f3n de alimentaci\u00f3n Micro DC de 12 V a trav\u00e9s del puerto de entrada de alimentaci\u00f3n de la c\u00e1mara.<\/p>\n<p>Compatible con las distintas empu\u00f1aduras laterales de alimentaci\u00f3n de la bater\u00eda de la BMPCC 4K\/6K.<\/p>\n","protected":false},"excerpt":{"rendered":"<p>Este cable te permite alimentar la BMPCC 4K\/6K mediante una conexi\u00f3n de alimentaci\u00f3n Micro DC de 12 V a trav\u00e9s del puerto de entrada de alimentaci\u00f3n de la c\u00e1mara. Compatible con las distintas empu\u00f1aduras laterales de alimentaci\u00f3n de la bater\u00eda [&hellip;]<\/p>\n","protected":false},"featured_media":0,"comment_status":"closed","ping_status":"closed","template":"","meta":[],"product_cat":[2749,2737,2719,2891],"product_tag":[],"acf":[],"gallery_images":[14460,14461],"_links":{"self":[{"href":"https:\/\/eu.tilta.com\/es\/wp-json\/wp\/v2\/product\/2001922"}],"collection":[{"href":"https:\/\/eu.tilta.com\/es\/wp-json\/wp\/v2\/product"}],"about":[{"href":"https:\/\/eu.tilta.com\/es\/wp-json\/wp\/v2\/types\/product"}],"replies":[{"embeddable":true,"href":"https:\/\/eu.tilta.com\/es\/wp-json\/wp\/v2\/comments?post=2001922"}],"wp:attachment":[{"href":"https:\/\/eu.tilta.com\/es\/wp-json\/wp\/v2\/media?parent=2001922"}],"wp:term":[{"taxonomy":"product_cat","embeddable":true,"href":"https:\/\/eu.tilta.com\/es\/wp-json\/wp\/v2\/product_cat?post=2001922"},{"taxonomy":"product_tag","embeddable":true,"href":"https:\/\/eu.tilta.com\/es\/wp-json\/wp\/v2\/product_tag?post=2001922"}],"curies":[{"name":"wp","href":"https:\/\/api.w.org\/{rel}","templated":true}]}}