{"id":2001923,"date":"2019-07-16T11:26:22","date_gmt":"2019-07-16T09:26:22","guid":{"rendered":"https:\/\/de.tilta.com\/shop\/cable-de-bateria-ficticia-a-cable-macho-de-cc-de-55-25-mm-de-la-serie-gh-de-panasonic\/"},"modified":"2025-12-05T13:31:17","modified_gmt":"2025-12-05T12:31:17","slug":"panasonic-gh-series-dummy-battery-to-5-5-2-5mm-dc-male-cable","status":"publish","type":"product","link":"https:\/\/eu.tilta.com\/es\/shop\/panasonic-gh-series-dummy-battery-to-5-5-2-5mm-dc-male-cable\/","title":{"rendered":"Cable de bater\u00eda ficticia a cable macho de CC de 5,5\/2,5 mm de la serie GH de Panasonic"},"content":{"rendered":"<p>Este cable de bater\u00eda ficticia a CC macho de 5,5\/2,5 mm de la serie GH de Panasonic te permite alimentar las c\u00e1maras que utilizan bater\u00edas DMW-BLF19 de Panasonic, as\u00ed como los accesorios basados en alimentaci\u00f3n DMW-BLF19 de Panasonic, a trav\u00e9s de un puerto de alimentaci\u00f3n de CC de 5,5\/2,5 mm.<\/p>\n","protected":false},"excerpt":{"rendered":"<p>Este cable de bater\u00eda ficticia a CC macho de 5,5\/2,5 mm de la serie GH de Panasonic te permite alimentar las c\u00e1maras que utilizan bater\u00edas DMW-BLF19 de Panasonic, as\u00ed como los accesorios basados en alimentaci\u00f3n DMW-BLF19 de Panasonic, a trav\u00e9s [&hellip;]<\/p>\n","protected":false},"featured_media":2001924,"comment_status":"closed","ping_status":"closed","template":"","meta":[],"product_cat":[2892],"product_tag":[],"acf":[],"gallery_images":[],"_links":{"self":[{"href":"https:\/\/eu.tilta.com\/es\/wp-json\/wp\/v2\/product\/2001923"}],"collection":[{"href":"https:\/\/eu.tilta.com\/es\/wp-json\/wp\/v2\/product"}],"about":[{"href":"https:\/\/eu.tilta.com\/es\/wp-json\/wp\/v2\/types\/product"}],"replies":[{"embeddable":true,"href":"https:\/\/eu.tilta.com\/es\/wp-json\/wp\/v2\/comments?post=2001923"}],"wp:featuredmedia":[{"embeddable":true,"href":"https:\/\/eu.tilta.com\/es\/wp-json\/wp\/v2\/media\/2001924"}],"wp:attachment":[{"href":"https:\/\/eu.tilta.com\/es\/wp-json\/wp\/v2\/media?parent=2001923"}],"wp:term":[{"taxonomy":"product_cat","embeddable":true,"href":"https:\/\/eu.tilta.com\/es\/wp-json\/wp\/v2\/product_cat?post=2001923"},{"taxonomy":"product_tag","embeddable":true,"href":"https:\/\/eu.tilta.com\/es\/wp-json\/wp\/v2\/product_tag?post=2001923"}],"curies":[{"name":"wp","href":"https:\/\/api.w.org\/{rel}","templated":true}]}}