{"id":2001947,"date":"2019-04-26T22:23:44","date_gmt":"2019-04-26T20:23:44","guid":{"rendered":"https:\/\/de.tilta.com\/shop\/asa-superior-de-liberacion-rapida\/"},"modified":"2026-04-21T16:20:04","modified_gmt":"2026-04-21T14:20:04","slug":"quick-release-top-handle-bmpcc4k","status":"publish","type":"product","link":"https:\/\/eu.tilta.com\/es\/shop\/quick-release-top-handle-bmpcc4k\/","title":{"rendered":"Asa superior de liberaci\u00f3n r\u00e1pida"},"content":{"rendered":"<p>Esta asa superior de liberaci\u00f3n r\u00e1pida se acopla de forma f\u00e1cil y segura a la parte superior de las jaulas para c\u00e1maras de medio Tiltaing y Tiltaing completo.<\/p>\n<p>Proporciona varios puntos de montaje de 1\/4&#8243;-20 y 3\/8&#8243;-16, as\u00ed como un punto de montaje de zapata fr\u00eda en la parte delantera y otro en la parte trasera del mango.<\/p>\n<p>La empu\u00f1adura incorpora una montura de varilla horizontal de 15 mm que permite diversas posibilidades de rigging, como montar un EVF o un monitor externo mediante una varilla de 15 mm.<\/p>\n<p>*S\u00f3lo se puede montar al rev\u00e9s en la placa superior de la RED Komodo*.<\/p>\n","protected":false},"excerpt":{"rendered":"<p>Esta asa superior de liberaci\u00f3n r\u00e1pida se acopla de forma f\u00e1cil y segura a la parte superior de las jaulas para c\u00e1maras de medio Tiltaing y Tiltaing completo. Proporciona varios puntos de montaje de 1\/4&#8243;-20 y 3\/8&#8243;-16, as\u00ed como un [&hellip;]<\/p>\n","protected":false},"featured_media":0,"comment_status":"closed","ping_status":"closed","template":"","meta":[],"product_cat":[2737,2719,2831,2740,2735,2813,2814,2742,2817,2829,2739,2818,2744,2830,2819,2820,2821,2822,2824,2786,2736,2828,2734,2725,2775,2825,2731,2729,2730,2762,2787,2943],"product_tag":[],"acf":[],"gallery_images":[46177],"_links":{"self":[{"href":"https:\/\/eu.tilta.com\/es\/wp-json\/wp\/v2\/product\/2001947"}],"collection":[{"href":"https:\/\/eu.tilta.com\/es\/wp-json\/wp\/v2\/product"}],"about":[{"href":"https:\/\/eu.tilta.com\/es\/wp-json\/wp\/v2\/types\/product"}],"replies":[{"embeddable":true,"href":"https:\/\/eu.tilta.com\/es\/wp-json\/wp\/v2\/comments?post=2001947"}],"wp:attachment":[{"href":"https:\/\/eu.tilta.com\/es\/wp-json\/wp\/v2\/media?parent=2001947"}],"wp:term":[{"taxonomy":"product_cat","embeddable":true,"href":"https:\/\/eu.tilta.com\/es\/wp-json\/wp\/v2\/product_cat?post=2001947"},{"taxonomy":"product_tag","embeddable":true,"href":"https:\/\/eu.tilta.com\/es\/wp-json\/wp\/v2\/product_tag?post=2001947"}],"curies":[{"name":"wp","href":"https:\/\/api.w.org\/{rel}","templated":true}]}}