{"id":2001951,"date":"2019-09-06T17:51:48","date_gmt":"2019-09-06T15:51:48","guid":{"rendered":"https:\/\/de.tilta.com\/shop\/adaptador-de-1-4-20-a-roseta-arri-para-la-serie-gh-de-panasonic-y-la-serie-a7-a9-de-sony\/"},"modified":"2026-02-16T09:03:12","modified_gmt":"2026-02-16T08:03:12","slug":"1-4-20-to-arri-rosette-attachment-for-panasonic-gh-series-and-sony-a7-a9-series","status":"publish","type":"product","link":"https:\/\/eu.tilta.com\/es\/shop\/1-4-20-to-arri-rosette-attachment-for-panasonic-gh-series-and-sony-a7-a9-series\/","title":{"rendered":"Adaptador de 1\/4&#8243;-20 a roseta Arri para la serie GH de Panasonic y la serie a7\/a9 de Sony"},"content":{"rendered":"<p>Este accesorio de 1\/4&#8243;-20 a roseta Arri se dise\u00f1\u00f3 espec\u00edficamente pensando en las jaulas basculantes para c\u00e1maras de las series Panasonic GH y Sony a7\/a9, pero es compatible con cualquier jaula que disponga de roscas de 1\/4&#8243;-20.<\/p>\n<p>Te permite montar una roseta Arri en tu equipo mediante dos tornillos de montaje de 1\/4&#8243;-20.<\/p>\n<p>La ranura para los tornillos de 1\/4&#8243;-20 te permite ajustar f\u00e1cilmente la fijaci\u00f3n en funci\u00f3n de d\u00f3nde est\u00e9n situados los orificios de los tornillos en la jaula.<\/p>\n","protected":false},"excerpt":{"rendered":"<p>Este accesorio de 1\/4&#8243;-20 a roseta Arri se dise\u00f1\u00f3 espec\u00edficamente pensando en las jaulas basculantes para c\u00e1maras de las series Panasonic GH y Sony a7\/a9, pero es compatible con cualquier jaula que disponga de roscas de 1\/4&#8243;-20. Te permite montar [&hellip;]<\/p>\n","protected":false},"featured_media":0,"comment_status":"closed","ping_status":"closed","template":"","meta":[],"product_cat":[4448,2821,2825,2943],"product_tag":[],"acf":[],"gallery_images":[47259],"_links":{"self":[{"href":"https:\/\/eu.tilta.com\/es\/wp-json\/wp\/v2\/product\/2001951"}],"collection":[{"href":"https:\/\/eu.tilta.com\/es\/wp-json\/wp\/v2\/product"}],"about":[{"href":"https:\/\/eu.tilta.com\/es\/wp-json\/wp\/v2\/types\/product"}],"replies":[{"embeddable":true,"href":"https:\/\/eu.tilta.com\/es\/wp-json\/wp\/v2\/comments?post=2001951"}],"wp:attachment":[{"href":"https:\/\/eu.tilta.com\/es\/wp-json\/wp\/v2\/media?parent=2001951"}],"wp:term":[{"taxonomy":"product_cat","embeddable":true,"href":"https:\/\/eu.tilta.com\/es\/wp-json\/wp\/v2\/product_cat?post=2001951"},{"taxonomy":"product_tag","embeddable":true,"href":"https:\/\/eu.tilta.com\/es\/wp-json\/wp\/v2\/product_tag?post=2001951"}],"curies":[{"name":"wp","href":"https:\/\/api.w.org\/{rel}","templated":true}]}}