{"id":2001954,"date":"2019-08-27T17:19:30","date_gmt":"2019-08-27T15:19:30","guid":{"rendered":"https:\/\/de.tilta.com\/shop\/placa-base-lws-de-15-mm-tipo-ii\/"},"modified":"2025-12-05T13:31:32","modified_gmt":"2025-12-05T12:31:32","slug":"15mm-lws-baseplate-type-ii","status":"publish","type":"product","link":"https:\/\/eu.tilta.com\/es\/shop\/15mm-lws-baseplate-type-ii\/","title":{"rendered":"Placa base LWS de 15 mm Tipo II"},"content":{"rendered":"<p>Esta placa base LWS de 15 mm se desliza f\u00e1cilmente sobre la base de las jaulas Tiltaing de media c\u00e1mara y de c\u00e1mara completa para, Panasonic GH, Fuji XT3\/4, Nikon Z6\/Z7, Sony a6 y Sony a7\/a9.<\/p>\n<p>Dispone de portaca\u00f1as LWS de 15 mm para que puedas acoplar accesorios basados en ca\u00f1as y es compatible con las colas de milano est\u00e1ndar Tilta o las colas de milano est\u00e1ndar ARRI mediante un adaptador.<\/p>\n<p>Las roscas 1\/4\u2033-20 de la parte inferior admiten casi cualquier placa de liberaci\u00f3n r\u00e1pida.<\/p>\n","protected":false},"excerpt":{"rendered":"<p>Esta placa base LWS de 15 mm se desliza f\u00e1cilmente sobre la base de las jaulas Tiltaing de media c\u00e1mara y de c\u00e1mara completa para, Panasonic GH, Fuji XT3\/4, Nikon Z6\/Z7, Sony a6 y Sony a7\/a9. Dispone de portaca\u00f1as LWS [&hellip;]<\/p>\n","protected":false},"featured_media":0,"comment_status":"closed","ping_status":"closed","template":"","meta":[],"product_cat":[2817,2818,2820,2821,2824,2736,2725,2775,2825,2730,2877,2943],"product_tag":[],"acf":[],"gallery_images":[44432,44433],"_links":{"self":[{"href":"https:\/\/eu.tilta.com\/es\/wp-json\/wp\/v2\/product\/2001954"}],"collection":[{"href":"https:\/\/eu.tilta.com\/es\/wp-json\/wp\/v2\/product"}],"about":[{"href":"https:\/\/eu.tilta.com\/es\/wp-json\/wp\/v2\/types\/product"}],"replies":[{"embeddable":true,"href":"https:\/\/eu.tilta.com\/es\/wp-json\/wp\/v2\/comments?post=2001954"}],"wp:attachment":[{"href":"https:\/\/eu.tilta.com\/es\/wp-json\/wp\/v2\/media?parent=2001954"}],"wp:term":[{"taxonomy":"product_cat","embeddable":true,"href":"https:\/\/eu.tilta.com\/es\/wp-json\/wp\/v2\/product_cat?post=2001954"},{"taxonomy":"product_tag","embeddable":true,"href":"https:\/\/eu.tilta.com\/es\/wp-json\/wp\/v2\/product_tag?post=2001954"}],"curies":[{"name":"wp","href":"https:\/\/api.w.org\/{rel}","templated":true}]}}