{"id":2001965,"date":"2019-08-26T17:31:54","date_gmt":"2019-08-26T15:31:54","guid":{"rendered":"https:\/\/de.tilta.com\/shop\/placa-inferior-para-sony-a7-a7s\/"},"modified":"2026-04-30T10:01:14","modified_gmt":"2026-04-30T08:01:14","slug":"bottom-plate-for-sony-a7-a7s","status":"publish","type":"product","link":"https:\/\/eu.tilta.com\/es\/shop\/bottom-plate-for-sony-a7-a7s\/","title":{"rendered":"Placa inferior para Sony a7\/a7S"},"content":{"rendered":"<p>Esta placa de estilo cola de milano se fija a la parte inferior de la jaula de la c\u00e1mara Tiltaing de la serie Sony a7\/a9 para proporcionar la colocaci\u00f3n correcta de los orificios de montaje y la altura de 15 mm entre la varilla y el objetivo de la c\u00e1mara para las c\u00e1maras Sony a7\/a7S.<\/p>\n","protected":false},"excerpt":{"rendered":"<p>Esta placa de estilo cola de milano se fija a la parte inferior de la jaula de la c\u00e1mara Tiltaing de la serie Sony a7\/a9 para proporcionar la colocaci\u00f3n correcta de los orificios de montaje y la altura de 15 [&hellip;]<\/p>\n","protected":false},"featured_media":0,"comment_status":"closed","ping_status":"closed","template":"","meta":[],"product_cat":[2825],"product_tag":[],"acf":[],"gallery_images":[44339],"_links":{"self":[{"href":"https:\/\/eu.tilta.com\/es\/wp-json\/wp\/v2\/product\/2001965"}],"collection":[{"href":"https:\/\/eu.tilta.com\/es\/wp-json\/wp\/v2\/product"}],"about":[{"href":"https:\/\/eu.tilta.com\/es\/wp-json\/wp\/v2\/types\/product"}],"replies":[{"embeddable":true,"href":"https:\/\/eu.tilta.com\/es\/wp-json\/wp\/v2\/comments?post=2001965"}],"wp:attachment":[{"href":"https:\/\/eu.tilta.com\/es\/wp-json\/wp\/v2\/media?parent=2001965"}],"wp:term":[{"taxonomy":"product_cat","embeddable":true,"href":"https:\/\/eu.tilta.com\/es\/wp-json\/wp\/v2\/product_cat?post=2001965"},{"taxonomy":"product_tag","embeddable":true,"href":"https:\/\/eu.tilta.com\/es\/wp-json\/wp\/v2\/product_tag?post=2001965"}],"curies":[{"name":"wp","href":"https:\/\/api.w.org\/{rel}","templated":true}]}}