{"id":2001973,"date":"2019-08-26T17:14:23","date_gmt":"2019-08-26T15:14:23","guid":{"rendered":"https:\/\/de.tilta.com\/shop\/soporte-de-abrazadera-para-cable-hdmi-y-de-correr-parar-para-sony-a9\/"},"modified":"2026-02-16T09:03:13","modified_gmt":"2026-02-16T08:03:13","slug":"hdmi-and-run-stop-cable-clamp-attachment-for-sony-a9","status":"publish","type":"product","link":"https:\/\/eu.tilta.com\/es\/shop\/hdmi-and-run-stop-cable-clamp-attachment-for-sony-a9\/","title":{"rendered":"Soporte de abrazadera para cable HDMI y de correr\/parar para Sony a9"},"content":{"rendered":"<p>Esta pinza se ha fabricado espec\u00edficamente para la c\u00e1mara Sony a9 junto con la jaula Tiltaing para c\u00e1maras Sony a7\/a9. Se fija directamente a la jaula para que puedas sujetar con firmeza y seguridad tanto un cable de carrera\/parada como un cable HDMI a la configuraci\u00f3n de tu c\u00e1mara.<\/p>\n","protected":false},"excerpt":{"rendered":"<p>Esta pinza se ha fabricado espec\u00edficamente para la c\u00e1mara Sony a9 junto con la jaula Tiltaing para c\u00e1maras Sony a7\/a9. Se fija directamente a la jaula para que puedas sujetar con firmeza y seguridad tanto un cable de carrera\/parada como [&hellip;]<\/p>\n","protected":false},"featured_media":0,"comment_status":"closed","ping_status":"closed","template":"","meta":[],"product_cat":[4448,2825,2934,2943],"product_tag":[],"acf":[],"gallery_images":[],"_links":{"self":[{"href":"https:\/\/eu.tilta.com\/es\/wp-json\/wp\/v2\/product\/2001973"}],"collection":[{"href":"https:\/\/eu.tilta.com\/es\/wp-json\/wp\/v2\/product"}],"about":[{"href":"https:\/\/eu.tilta.com\/es\/wp-json\/wp\/v2\/types\/product"}],"replies":[{"embeddable":true,"href":"https:\/\/eu.tilta.com\/es\/wp-json\/wp\/v2\/comments?post=2001973"}],"wp:attachment":[{"href":"https:\/\/eu.tilta.com\/es\/wp-json\/wp\/v2\/media?parent=2001973"}],"wp:term":[{"taxonomy":"product_cat","embeddable":true,"href":"https:\/\/eu.tilta.com\/es\/wp-json\/wp\/v2\/product_cat?post=2001973"},{"taxonomy":"product_tag","embeddable":true,"href":"https:\/\/eu.tilta.com\/es\/wp-json\/wp\/v2\/product_tag?post=2001973"}],"curies":[{"name":"wp","href":"https:\/\/api.w.org\/{rel}","templated":true}]}}