{"id":2001976,"date":"2019-08-26T16:59:57","date_gmt":"2019-08-26T14:59:57","guid":{"rendered":"https:\/\/de.tilta.com\/shop\/abrazadera-hdmi-para-sony-a7r-iii\/"},"modified":"2026-02-16T09:03:13","modified_gmt":"2026-02-16T08:03:13","slug":"hdmi-clamp-attachment-for-sony-a7r-iii","status":"publish","type":"product","link":"https:\/\/eu.tilta.com\/es\/shop\/hdmi-clamp-attachment-for-sony-a7r-iii\/","title":{"rendered":"Abrazadera HDMI para Sony a7R III"},"content":{"rendered":"<p>Esta abrazadera HDMI se ha fabricado espec\u00edficamente para la c\u00e1mara Sony a7R III junto con la jaula para c\u00e1mara Tiltaing Sony a7. Se acopla directamente a la jaula para que puedas fijar de forma firme y segura un cable HDMI a la configuraci\u00f3n de tu c\u00e1mara.<\/p>\n","protected":false},"excerpt":{"rendered":"<p>Esta abrazadera HDMI se ha fabricado espec\u00edficamente para la c\u00e1mara Sony a7R III junto con la jaula para c\u00e1mara Tiltaing Sony a7. Se acopla directamente a la jaula para que puedas fijar de forma firme y segura un cable HDMI [&hellip;]<\/p>\n","protected":false},"featured_media":0,"comment_status":"closed","ping_status":"closed","template":"","meta":[],"product_cat":[4448,2825,2934,2943],"product_tag":[],"acf":[],"gallery_images":[],"_links":{"self":[{"href":"https:\/\/eu.tilta.com\/es\/wp-json\/wp\/v2\/product\/2001976"}],"collection":[{"href":"https:\/\/eu.tilta.com\/es\/wp-json\/wp\/v2\/product"}],"about":[{"href":"https:\/\/eu.tilta.com\/es\/wp-json\/wp\/v2\/types\/product"}],"replies":[{"embeddable":true,"href":"https:\/\/eu.tilta.com\/es\/wp-json\/wp\/v2\/comments?post=2001976"}],"wp:attachment":[{"href":"https:\/\/eu.tilta.com\/es\/wp-json\/wp\/v2\/media?parent=2001976"}],"wp:term":[{"taxonomy":"product_cat","embeddable":true,"href":"https:\/\/eu.tilta.com\/es\/wp-json\/wp\/v2\/product_cat?post=2001976"},{"taxonomy":"product_tag","embeddable":true,"href":"https:\/\/eu.tilta.com\/es\/wp-json\/wp\/v2\/product_tag?post=2001976"}],"curies":[{"name":"wp","href":"https:\/\/api.w.org\/{rel}","templated":true}]}}