{"id":2001981,"date":"2019-07-29T14:21:30","date_gmt":"2019-07-29T12:21:30","guid":{"rendered":"https:\/\/de.tilta.com\/shop\/placa-de-liberacion-rapida-tilta-arca\/"},"modified":"2026-02-16T09:03:13","modified_gmt":"2026-02-16T08:03:13","slug":"tiltaing-arca-quick-release-plate","status":"publish","type":"product","link":"https:\/\/eu.tilta.com\/es\/shop\/tiltaing-arca-quick-release-plate\/","title":{"rendered":"Placa de liberaci\u00f3n r\u00e1pida Tilta ARCA"},"content":{"rendered":"<p>Esta placa de liberaci\u00f3n r\u00e1pida compatible con Arca-Swiss se acopla directamente a la parte inferior de las jaulas de c\u00e1mara Tiltaing para permitirte acoplarte y desacoplarte r\u00e1pida y f\u00e1cilmente de los sistemas de soporte Arca-Swiss.<\/p>\n<p><strong>** No compatible con la jaula basculante BMPCC 4K\/6K<\/strong><\/p>\n","protected":false},"excerpt":{"rendered":"<p>Esta placa de liberaci\u00f3n r\u00e1pida compatible con Arca-Swiss se acopla directamente a la parte inferior de las jaulas de c\u00e1mara Tiltaing para permitirte acoplarte y desacoplarte r\u00e1pida y f\u00e1cilmente de los sistemas de soporte Arca-Swiss. ** No compatible con la [&hellip;]<\/p>\n","protected":false},"featured_media":0,"comment_status":"closed","ping_status":"closed","template":"","meta":[],"product_cat":[4448,2821,2775,2936],"product_tag":[],"acf":[],"gallery_images":[43153,46501],"_links":{"self":[{"href":"https:\/\/eu.tilta.com\/es\/wp-json\/wp\/v2\/product\/2001981"}],"collection":[{"href":"https:\/\/eu.tilta.com\/es\/wp-json\/wp\/v2\/product"}],"about":[{"href":"https:\/\/eu.tilta.com\/es\/wp-json\/wp\/v2\/types\/product"}],"replies":[{"embeddable":true,"href":"https:\/\/eu.tilta.com\/es\/wp-json\/wp\/v2\/comments?post=2001981"}],"wp:attachment":[{"href":"https:\/\/eu.tilta.com\/es\/wp-json\/wp\/v2\/media?parent=2001981"}],"wp:term":[{"taxonomy":"product_cat","embeddable":true,"href":"https:\/\/eu.tilta.com\/es\/wp-json\/wp\/v2\/product_cat?post=2001981"},{"taxonomy":"product_tag","embeddable":true,"href":"https:\/\/eu.tilta.com\/es\/wp-json\/wp\/v2\/product_tag?post=2001981"}],"curies":[{"name":"wp","href":"https:\/\/api.w.org\/{rel}","templated":true}]}}