{"id":2001986,"date":"2019-08-16T12:27:23","date_gmt":"2019-08-16T10:27:23","guid":{"rendered":"https:\/\/de.tilta.com\/shop\/jaula-para-camara-sony-venice-rialto\/"},"modified":"2025-12-05T13:31:58","modified_gmt":"2025-12-05T12:31:58","slug":"sony-venice-rialto-camera-cage","status":"publish","type":"product","link":"https:\/\/eu.tilta.com\/es\/shop\/sony-venice-rialto-camera-cage\/","title":{"rendered":"Jaula para c\u00e1mara Sony Venice Rialto"},"content":{"rendered":"<p>Arma tu c\u00e1mara con esta jaula para c\u00e1mara Tilta dise\u00f1ada espec\u00edficamente para la Sony Venice Rialto. Proporciona una armadura protectora de aluminio de alta calidad, fresada mediante CNC, para el bloque del sensor de la c\u00e1mara que tiene varios puntos de montaje de \u00bc&#8221;-20 y \u215c&#8221;-16 para fijar accesorios.<\/p>\n<p>Se puede montar una placa de bater\u00eda (disponible en montaje dorado o en V) en la parte posterior del bloque sensor. A continuaci\u00f3n, env\u00eda energ\u00eda a un puerto Fischer de 3 patillas y a un puerto Lemo de 2 patillas en la parte delantera de la jaula para que puedas alimentar accesorios.<\/p>\n<p>El cable Fischer de 3 patillas incluido env\u00eda la comunicaci\u00f3n desde el puerto de comunicaci\u00f3n de 3 patillas de la c\u00e1mara a un puerto Fischer de 3 patillas situado en la parte trasera de la jaula (orientado hacia el operador), que a su vez env\u00eda la funcionalidad R\/S a un puerto R\/S de 3 patillas situado en la parte delantera de la jaula.<\/p>\n<p>Nota: este puerto R\/S s\u00f3lo puede enviar parada de funcionamiento y no puede proporcionar alimentaci\u00f3n a ning\u00fan accesorio.<\/p>\n<p>En el kit se incluyen dos brazos extensibles y asas de madera que te permitir\u00e1n acoplarlos a las dos rosetas est\u00e1ndar Arri de la jaula que est\u00e1n en los laterales, proporcion\u00e1ndote una forma c\u00f3moda de operar.<\/p>\n<p>Cuando se combina con la mochila Sony Venice Rialto (se vende por separado), te proporciona una forma c\u00f3moda y ergon\u00f3mica de manejar y transportar toda la configuraci\u00f3n de tu c\u00e1mara Rialto.<\/p>\n","protected":false},"excerpt":{"rendered":"<p>Arma tu c\u00e1mara con esta jaula para c\u00e1mara Tilta dise\u00f1ada espec\u00edficamente para la Sony Venice Rialto. Proporciona una armadura protectora de aluminio de alta calidad, fresada mediante CNC, para el bloque del sensor de la c\u00e1mara que tiene varios puntos [&hellip;]<\/p>\n","protected":false},"featured_media":2001988,"comment_status":"closed","ping_status":"closed","template":"","meta":[],"product_cat":[2826],"product_tag":[],"acf":[],"gallery_images":[],"_links":{"self":[{"href":"https:\/\/eu.tilta.com\/es\/wp-json\/wp\/v2\/product\/2001986"}],"collection":[{"href":"https:\/\/eu.tilta.com\/es\/wp-json\/wp\/v2\/product"}],"about":[{"href":"https:\/\/eu.tilta.com\/es\/wp-json\/wp\/v2\/types\/product"}],"replies":[{"embeddable":true,"href":"https:\/\/eu.tilta.com\/es\/wp-json\/wp\/v2\/comments?post=2001986"}],"wp:featuredmedia":[{"embeddable":true,"href":"https:\/\/eu.tilta.com\/es\/wp-json\/wp\/v2\/media\/2001988"}],"wp:attachment":[{"href":"https:\/\/eu.tilta.com\/es\/wp-json\/wp\/v2\/media?parent=2001986"}],"wp:term":[{"taxonomy":"product_cat","embeddable":true,"href":"https:\/\/eu.tilta.com\/es\/wp-json\/wp\/v2\/product_cat?post=2001986"},{"taxonomy":"product_tag","embeddable":true,"href":"https:\/\/eu.tilta.com\/es\/wp-json\/wp\/v2\/product_tag?post=2001986"}],"curies":[{"name":"wp","href":"https:\/\/api.w.org\/{rel}","templated":true}]}}