{"id":2001993,"date":"2019-08-16T12:16:28","date_gmt":"2019-08-16T10:16:28","guid":{"rendered":"https:\/\/de.tilta.com\/shop\/mochila-sony-venice-rialto\/"},"modified":"2025-12-05T13:31:58","modified_gmt":"2025-12-05T12:31:58","slug":"sony-venice-rialto-backpack-v","status":"publish","type":"product","link":"https:\/\/eu.tilta.com\/es\/shop\/sony-venice-rialto-backpack-v\/","title":{"rendered":"Mochila Sony Venice Rialto"},"content":{"rendered":"<p>La mochila Sony Venice Rialto incorpora una cola de milano y una peque\u00f1a placa base para montar en ella el cuerpo de la c\u00e1mara Rialto. Cuando se combina con la jaula del bloque de sensores, te proporciona una forma c\u00f3moda y ergon\u00f3mica de manejar y transportar toda la configuraci\u00f3n de tu c\u00e1mara Rialto. La mochila tambi\u00e9n tiene acoplada una placa de bater\u00eda (disponible con montura dorada o en V) por si necesitas potencia adicional en tu configuraci\u00f3n.<\/p>\n<h1 class=\"product_title entry-title\"><\/h1>\n","protected":false},"excerpt":{"rendered":"<p>La mochila Sony Venice Rialto incorpora una cola de milano y una peque\u00f1a placa base para montar en ella el cuerpo de la c\u00e1mara Rialto. Cuando se combina con la jaula del bloque de sensores, te proporciona una forma c\u00f3moda [&hellip;]<\/p>\n","protected":false},"featured_media":2001994,"comment_status":"closed","ping_status":"closed","template":"","meta":[],"product_cat":[2826],"product_tag":[],"acf":[],"gallery_images":[2001995],"_links":{"self":[{"href":"https:\/\/eu.tilta.com\/es\/wp-json\/wp\/v2\/product\/2001993"}],"collection":[{"href":"https:\/\/eu.tilta.com\/es\/wp-json\/wp\/v2\/product"}],"about":[{"href":"https:\/\/eu.tilta.com\/es\/wp-json\/wp\/v2\/types\/product"}],"replies":[{"embeddable":true,"href":"https:\/\/eu.tilta.com\/es\/wp-json\/wp\/v2\/comments?post=2001993"}],"wp:featuredmedia":[{"embeddable":true,"href":"https:\/\/eu.tilta.com\/es\/wp-json\/wp\/v2\/media\/2001994"}],"wp:attachment":[{"href":"https:\/\/eu.tilta.com\/es\/wp-json\/wp\/v2\/media?parent=2001993"}],"wp:term":[{"taxonomy":"product_cat","embeddable":true,"href":"https:\/\/eu.tilta.com\/es\/wp-json\/wp\/v2\/product_cat?post=2001993"},{"taxonomy":"product_tag","embeddable":true,"href":"https:\/\/eu.tilta.com\/es\/wp-json\/wp\/v2\/product_tag?post=2001993"}],"curies":[{"name":"wp","href":"https:\/\/api.w.org\/{rel}","templated":true}]}}