{"id":2002011,"date":"2024-07-31T11:01:46","date_gmt":"2024-07-31T09:01:46","guid":{"rendered":"https:\/\/de.tilta.com\/shop\/cable-de-angulo-recto-bnc-a-angulo-recto-bnc-30-cm\/"},"modified":"2025-12-05T13:31:48","modified_gmt":"2025-12-05T12:31:48","slug":"bnc-right-angle-to-bnc-right-angle-cable-30cm","status":"publish","type":"product","link":"https:\/\/eu.tilta.com\/es\/shop\/bnc-right-angle-to-bnc-right-angle-cable-30cm\/","title":{"rendered":"Cable de \u00e1ngulo recto BNC a \u00e1ngulo recto BNC (30 cm)"},"content":{"rendered":"<p>Este cable BNC de \u00e1ngulo recto a BNC de \u00e1ngulo recto de 30 cm te permite conectar una se\u00f1al de v\u00eddeo segura a un monitor o transmisor externo a trav\u00e9s del puerto SDI de tu c\u00e1mara.<br \/>\nLa conexi\u00f3n en \u00e1ngulo recto lo convierte en una gran opci\u00f3n para mantener ordenada la gesti\u00f3n de cables y para acomodar mejor los cuerpos de c\u00e1mara en los que las bater\u00edas m\u00e1s grandes pueden limitar el acceso SDI, como la RED Komodo.<\/p>\n","protected":false},"excerpt":{"rendered":"<p>Este cable BNC de \u00e1ngulo recto a BNC de \u00e1ngulo recto de 30 cm te permite conectar una se\u00f1al de v\u00eddeo segura a un monitor o transmisor externo a trav\u00e9s del puerto SDI de tu c\u00e1mara. La conexi\u00f3n en \u00e1ngulo [&hellip;]<\/p>\n","protected":false},"featured_media":2001085,"comment_status":"closed","ping_status":"closed","template":"","meta":[],"product_cat":[865],"product_tag":[],"acf":[],"gallery_images":[2001091],"_links":{"self":[{"href":"https:\/\/eu.tilta.com\/es\/wp-json\/wp\/v2\/product\/2002011"}],"collection":[{"href":"https:\/\/eu.tilta.com\/es\/wp-json\/wp\/v2\/product"}],"about":[{"href":"https:\/\/eu.tilta.com\/es\/wp-json\/wp\/v2\/types\/product"}],"replies":[{"embeddable":true,"href":"https:\/\/eu.tilta.com\/es\/wp-json\/wp\/v2\/comments?post=2002011"}],"wp:featuredmedia":[{"embeddable":true,"href":"https:\/\/eu.tilta.com\/es\/wp-json\/wp\/v2\/media\/2001085"}],"wp:attachment":[{"href":"https:\/\/eu.tilta.com\/es\/wp-json\/wp\/v2\/media?parent=2002011"}],"wp:term":[{"taxonomy":"product_cat","embeddable":true,"href":"https:\/\/eu.tilta.com\/es\/wp-json\/wp\/v2\/product_cat?post=2002011"},{"taxonomy":"product_tag","embeddable":true,"href":"https:\/\/eu.tilta.com\/es\/wp-json\/wp\/v2\/product_tag?post=2002011"}],"curies":[{"name":"wp","href":"https:\/\/api.w.org\/{rel}","templated":true}]}}