{"id":2002012,"date":"2024-07-31T11:36:40","date_gmt":"2024-07-31T09:36:40","guid":{"rendered":"https:\/\/de.tilta.com\/shop\/tiltaing-sony-a7siii-kit-b-gris-tactico\/"},"modified":"2026-02-11T06:58:34","modified_gmt":"2026-02-11T05:58:34","slug":"tiltaing-sony-a7siii-kit-b-tactical-gray","status":"publish","type":"product","link":"https:\/\/eu.tilta.com\/es\/shop\/tiltaing-sony-a7siii-kit-b-tactical-gray\/","title":{"rendered":"Tiltaing Sony a7siii Kit B &#8211; Gris t\u00e1ctico"},"content":{"rendered":"<p>Esta &#8220;media&#8221; jaula de c\u00e1mara proporciona un blindaje protector para la c\u00e1mara Sony a7S III. Dispone de varios puntos de montaje de 1\/4&#8243;-20, as\u00ed como de un punto de montaje de zapata fr\u00eda.<\/p>\n<p>La base de la jaula tambi\u00e9n dispone de varios orificios de montaje para acoplar la c\u00e1mara a cardanes y ajustar m\u00e1s f\u00e1cilmente el equilibrio de la configuraci\u00f3n.<\/p>\n<p>En la parte inferior de la jaula se pueden fijar distintas placas base, lo que permite diversas configuraciones de montaje de barras y fuentes de alimentaci\u00f3n opcionales.<\/p>\n<p>Se puede acoplar a la jaula un asa superior ligera de liberaci\u00f3n r\u00e1pida Tiltaing con pasadores de localizaci\u00f3n Arri para proporcionar una c\u00f3moda configuraci\u00f3n de manejo de la c\u00e1mara.<\/p>\n<p>Este kit de la jaula de la Sony a7S III incluye: la Media Jaula de C\u00e1mara para Sony a7S III, un ra\u00edl OTAN que se fija al lateral de la jaula, un asa lateral de madera que se fija mediante la conexi\u00f3n del ra\u00edl OTAN y, por \u00faltimo, un accesorio de zapata fr\u00eda que se monta en la parte superior del asa de madera para poder fijar diversos accesorios.<\/p>\n","protected":false},"excerpt":{"rendered":"<p>Esta &#8220;media&#8221; jaula de c\u00e1mara proporciona un blindaje protector para la c\u00e1mara Sony a7S III. Dispone de varios puntos de montaje de 1\/4&#8243;-20, as\u00ed como de un punto de montaje de zapata fr\u00eda. La base de la jaula tambi\u00e9n dispone [&hellip;]<\/p>\n","protected":false},"featured_media":2001119,"comment_status":"closed","ping_status":"closed","template":"","meta":[],"product_cat":[2851],"product_tag":[],"acf":[],"gallery_images":[],"_links":{"self":[{"href":"https:\/\/eu.tilta.com\/es\/wp-json\/wp\/v2\/product\/2002012"}],"collection":[{"href":"https:\/\/eu.tilta.com\/es\/wp-json\/wp\/v2\/product"}],"about":[{"href":"https:\/\/eu.tilta.com\/es\/wp-json\/wp\/v2\/types\/product"}],"replies":[{"embeddable":true,"href":"https:\/\/eu.tilta.com\/es\/wp-json\/wp\/v2\/comments?post=2002012"}],"wp:featuredmedia":[{"embeddable":true,"href":"https:\/\/eu.tilta.com\/es\/wp-json\/wp\/v2\/media\/2001119"}],"wp:attachment":[{"href":"https:\/\/eu.tilta.com\/es\/wp-json\/wp\/v2\/media?parent=2002012"}],"wp:term":[{"taxonomy":"product_cat","embeddable":true,"href":"https:\/\/eu.tilta.com\/es\/wp-json\/wp\/v2\/product_cat?post=2002012"},{"taxonomy":"product_tag","embeddable":true,"href":"https:\/\/eu.tilta.com\/es\/wp-json\/wp\/v2\/product_tag?post=2002012"}],"curies":[{"name":"wp","href":"https:\/\/api.w.org\/{rel}","templated":true}]}}