{"id":2002015,"date":"2024-07-31T10:27:26","date_gmt":"2024-07-31T08:27:26","guid":{"rendered":"https:\/\/de.tilta.com\/shop\/empunadura-anular-avanzada-para-el-kit-de-viaje-rs-2\/"},"modified":"2025-12-05T13:31:50","modified_gmt":"2025-12-05T12:31:50","slug":"advanced-ring-grip-for-rs-2-travel-kit","status":"publish","type":"product","link":"https:\/\/eu.tilta.com\/es\/shop\/advanced-ring-grip-for-rs-2-travel-kit\/","title":{"rendered":"Empu\u00f1adura anular avanzada para el kit de viaje RS 2"},"content":{"rendered":"<p><strong>ADVERTENCIA: Ten mucho cuidado al conectar los cables de alimentaci\u00f3n P-Tap al m\u00f3dulo de alimentaci\u00f3n (no incluido), ya que conectar los cables al rev\u00e9s puede da\u00f1ar tu card\u00e1n<\/strong><\/p>\n<p>La empu\u00f1adura anular avanzada para RS 2, RS 3 Pro, RS 4\/4 Pro te permite m\u00e1s flexibilidad a la hora de alimentar tu card\u00e1n, montar accesorios, controlar los motores de seguimiento de enfoque inal\u00e1mbricos y manejar el cuerpo del card\u00e1n.<\/p>\n<p>El dise\u00f1o de la empu\u00f1adura anular permite una mayor estabilidad mediante m\u00faltiples puntos de contacto al manejar el card\u00e1n, y los pies de apoyo incluidos te permiten colocar el card\u00e1n en el suelo despu\u00e9s de tomas largas para que el operador no se fatigue.<\/p>\n<p>La empu\u00f1adura anular te permite convertir la empu\u00f1adura para bater\u00eda del DJI Ronin (RS BG21\/30\/70) en una empu\u00f1adura superior para que puedas pasar r\u00e1pidamente a las tomas de \u00e1ngulo bajo, a la vez que proporcionas potencia adicional a tu card\u00e1n.<\/p>\n<p>El sistema te permite alimentar tu card\u00e1n Ronin con una bater\u00eda de montura dorada, una bater\u00eda de montura en V o la empu\u00f1adura de la bater\u00eda del card\u00e1n. La empu\u00f1adura anular avanzada te permite montar la empu\u00f1adura con bater\u00eda en la parte superior de la anilla, que hace las veces de fuente de alimentaci\u00f3n y empu\u00f1adura superior.<\/p>\n<p>Se puede utilizar en combinaci\u00f3n con una Placa de bater\u00eda Gold o V-Mount, lo que te proporciona m\u00e1s flexibilidad para alimentar accesorios y una mayor duraci\u00f3n de la bater\u00eda en el plat\u00f3.<\/p>\n<p>El asa de control remoto incluida se acopla al lado derecho de la empu\u00f1adura anular avanzada para facilitarte el acceso a los ajustes de tu card\u00e1n, as\u00ed como a las funciones de grabaci\u00f3n y fotograf\u00eda de tu c\u00e1mara.<\/p>\n<p>El Thumbstick te permite controlar el Pan y la Inclinaci\u00f3n de tu card\u00e1n para obtener la m\u00e1xima precisi\u00f3n mientras lo manejas, y la Rueda de Enfoque te permite controlar de forma inal\u00e1mbrica un Motor de Control de Objetivo DJI o de la serie Nucleus.<\/p>\n<p>La empu\u00f1adura inal\u00e1mbrica de control del objetivo de doble canal incluida se acopla al lado izquierdo de la empu\u00f1adura anular avanzada y te permite controlar dos canales de los motores de control del objetivo de la serie Nucleus.<\/p>\n<p>Ajusta f\u00e1cilmente el Enfoque, el Iris o el Zoom de tu objetivo con las dos Ruedas de Enfoque de la empu\u00f1adura: una en la parte trasera de la empu\u00f1adura para que la gires con el pulgar y otra en la parte delantera para que la gires con el dedo \u00edndice.<\/p>\n<p>Incluye un control limitado de los Ajustes de Men\u00fa del Ronin Gimbal mediante la Tecla Men\u00fa e incorpora un disparador para cambiar r\u00e1pidamente entre los modos del card\u00e1n.<\/p>\n<p>Cada empu\u00f1adura necesita una sola pila 18650 para funcionar de forma inal\u00e1mbrica.<\/p>\n<p>Se pueden alimentar con la empu\u00f1adura superior o con la placa de la bater\u00eda cuando se conectan a la empu\u00f1adura anular.<\/p>\n<p><strong>NOTA: Ten mucho cuidado al montar las pilas 18650, ya que colocarlas con una orientaci\u00f3n incorrecta puede da\u00f1ar las asas.<\/strong><\/p>\n<p><strong>RS3\/RS3 Pro: La Tecla M NO es capaz de imitar la funci\u00f3n del card\u00e1n. La Tecla M de esta unidad S\u00d3LO puede cambiar la configuraci\u00f3n del Modo.<\/strong><\/p>\n","protected":false},"excerpt":{"rendered":"<p>ADVERTENCIA: Ten mucho cuidado al conectar los cables de alimentaci\u00f3n P-Tap al m\u00f3dulo de alimentaci\u00f3n (no incluido), ya que conectar los cables al rev\u00e9s puede da\u00f1ar tu card\u00e1n La empu\u00f1adura anular avanzada para RS 2, RS 3 Pro, RS 4\/4 [&hellip;]<\/p>\n","protected":false},"featured_media":2000950,"comment_status":"closed","ping_status":"closed","template":"","meta":[],"product_cat":[2941],"product_tag":[],"acf":[],"gallery_images":[2001010,2001034,2001028,2000998,2000992,2000986,2000980,2000974,2000968,2000962,2000956],"_links":{"self":[{"href":"https:\/\/eu.tilta.com\/es\/wp-json\/wp\/v2\/product\/2002015"}],"collection":[{"href":"https:\/\/eu.tilta.com\/es\/wp-json\/wp\/v2\/product"}],"about":[{"href":"https:\/\/eu.tilta.com\/es\/wp-json\/wp\/v2\/types\/product"}],"replies":[{"embeddable":true,"href":"https:\/\/eu.tilta.com\/es\/wp-json\/wp\/v2\/comments?post=2002015"}],"wp:featuredmedia":[{"embeddable":true,"href":"https:\/\/eu.tilta.com\/es\/wp-json\/wp\/v2\/media\/2000950"}],"wp:attachment":[{"href":"https:\/\/eu.tilta.com\/es\/wp-json\/wp\/v2\/media?parent=2002015"}],"wp:term":[{"taxonomy":"product_cat","embeddable":true,"href":"https:\/\/eu.tilta.com\/es\/wp-json\/wp\/v2\/product_cat?post=2002015"},{"taxonomy":"product_tag","embeddable":true,"href":"https:\/\/eu.tilta.com\/es\/wp-json\/wp\/v2\/product_tag?post=2002015"}],"curies":[{"name":"wp","href":"https:\/\/api.w.org\/{rel}","templated":true}]}}