{"id":2002018,"date":"2024-07-31T09:23:11","date_gmt":"2024-07-31T07:23:11","guid":{"rendered":"https:\/\/de.tilta.com\/shop\/jaula-para-canon-r5-r6-kit-a-v2-negro\/"},"modified":"2025-12-05T13:31:51","modified_gmt":"2025-12-05T12:31:51","slug":"camera-cage-for-canon-r5-r6-kit-a-v2-black-2","status":"publish","type":"product","link":"https:\/\/eu.tilta.com\/es\/shop\/camera-cage-for-canon-r5-r6-kit-a-v2-black-2\/","title":{"rendered":"Jaula para Canon R5\/R6 Kit A V2 &#8211; Negro"},"content":{"rendered":"<p>Sin bloquear la zapata de la c\u00e1mara, la Jaula para C\u00e1mara Completa Tilta para Canon R5\/R6, en color negro, proporciona dos fijaciones adicionales para la zapata, adem\u00e1s de roscas de montaje para varios complementos opcionales Tilta. Las roscas espec\u00edficas de 1\/4&#8243;-20 te permiten fijar asas laterales, portaca\u00f1as individuales de 15 mm y una abrazadera HDMI. Tambi\u00e9n hay peque\u00f1as roscas en la parte delantera para fijar un soporte adaptador de objetivo. Para ajustar la configuraci\u00f3n de la c\u00e1mara, la jaula incorpora una rueda de desplazamiento en la parte superior que controla la rueda de desplazamiento derecha de la c\u00e1mara .<\/p>\n<p>Con la jaula se incluye una placa de liberaci\u00f3n r\u00e1pida que se fija a la parte inferior. La placa ofrece m\u00faltiples roscas de 1\/4&#8243;-20 para equilibrar la jaula en cardanes y otros soportes. La placa tambi\u00e9n permite el acoplamiento r\u00e1pido a la placa base opcional Tilta LWS de 15 mm, que te permitir\u00e1 ampliar la jaula con barras y otros accesorios. Como alternativa, las placas de liberaci\u00f3n r\u00e1pida Tilta est\u00e1ndar Arca-Swiss y Manfrotto pueden adquirirse por separado y colocarse en lugar de la placa incluida, para una compatibilidad directa con tr\u00edpodes Arca\/Manfrotto y otros soportes.<\/p>\n","protected":false},"excerpt":{"rendered":"<p>Sin bloquear la zapata de la c\u00e1mara, la Jaula para C\u00e1mara Completa Tilta para Canon R5\/R6, en color negro, proporciona dos fijaciones adicionales para la zapata, adem\u00e1s de roscas de montaje para varios complementos opcionales Tilta. Las roscas espec\u00edficas de [&hellip;]<\/p>\n","protected":false},"featured_media":2000881,"comment_status":"closed","ping_status":"closed","template":"","meta":[],"product_cat":[2813],"product_tag":[],"acf":[],"gallery_images":[2000883],"_links":{"self":[{"href":"https:\/\/eu.tilta.com\/es\/wp-json\/wp\/v2\/product\/2002018"}],"collection":[{"href":"https:\/\/eu.tilta.com\/es\/wp-json\/wp\/v2\/product"}],"about":[{"href":"https:\/\/eu.tilta.com\/es\/wp-json\/wp\/v2\/types\/product"}],"replies":[{"embeddable":true,"href":"https:\/\/eu.tilta.com\/es\/wp-json\/wp\/v2\/comments?post=2002018"}],"wp:featuredmedia":[{"embeddable":true,"href":"https:\/\/eu.tilta.com\/es\/wp-json\/wp\/v2\/media\/2000881"}],"wp:attachment":[{"href":"https:\/\/eu.tilta.com\/es\/wp-json\/wp\/v2\/media?parent=2002018"}],"wp:term":[{"taxonomy":"product_cat","embeddable":true,"href":"https:\/\/eu.tilta.com\/es\/wp-json\/wp\/v2\/product_cat?post=2002018"},{"taxonomy":"product_tag","embeddable":true,"href":"https:\/\/eu.tilta.com\/es\/wp-json\/wp\/v2\/product_tag?post=2002018"}],"curies":[{"name":"wp","href":"https:\/\/api.w.org\/{rel}","templated":true}]}}