{"id":2002031,"date":"2019-10-30T17:57:02","date_gmt":"2019-10-30T16:57:02","guid":{"rendered":"https:\/\/de.tilta.com\/shop\/placa-de-bateria-tilta-v-mount-v2\/"},"modified":"2025-12-05T13:31:58","modified_gmt":"2025-12-05T12:31:58","slug":"tiltaing-v-mount-battery-plate-v2","status":"publish","type":"product","link":"https:\/\/eu.tilta.com\/es\/shop\/tiltaing-v-mount-battery-plate-v2\/","title":{"rendered":"Placa de bater\u00eda Tilta V-Mount V2"},"content":{"rendered":"<p>Esta placa de bater\u00eda de montura en V te permite alimentar una c\u00e1mara compatible, as\u00ed como accesorios externos, utilizando bater\u00edas de montura en V y los puertos de alimentaci\u00f3n P-tap\/DC integrados en la placa.<\/p>\n<p>El adaptador de varilla LWS de 15 mm te permite acoplar la placa de la bater\u00eda a la configuraci\u00f3n de varilla de tu c\u00e1mara.<\/p>\n<p>*Esta placa de la bater\u00eda no puede montarse en vertical*.<\/p>\n","protected":false},"excerpt":{"rendered":"<p>Esta placa de bater\u00eda de montura en V te permite alimentar una c\u00e1mara compatible, as\u00ed como accesorios externos, utilizando bater\u00edas de montura en V y los puertos de alimentaci\u00f3n P-tap\/DC integrados en la placa. El adaptador de varilla LWS de [&hellip;]<\/p>\n","protected":false},"featured_media":0,"comment_status":"closed","ping_status":"closed","template":"","meta":[],"product_cat":[3248,2737,2719,2735,2813,2814,2839,2742,2817,2789,2837,2739,2818,2744,2830,2819,2820,2821,2822,2723,2824,2836,2840,2835,2745,2832,2786,2736,2828,2734,2725,2775,2825,2731,2729,2730,2902],"product_tag":[],"acf":[],"gallery_images":[47249],"_links":{"self":[{"href":"https:\/\/eu.tilta.com\/es\/wp-json\/wp\/v2\/product\/2002031"}],"collection":[{"href":"https:\/\/eu.tilta.com\/es\/wp-json\/wp\/v2\/product"}],"about":[{"href":"https:\/\/eu.tilta.com\/es\/wp-json\/wp\/v2\/types\/product"}],"replies":[{"embeddable":true,"href":"https:\/\/eu.tilta.com\/es\/wp-json\/wp\/v2\/comments?post=2002031"}],"wp:attachment":[{"href":"https:\/\/eu.tilta.com\/es\/wp-json\/wp\/v2\/media?parent=2002031"}],"wp:term":[{"taxonomy":"product_cat","embeddable":true,"href":"https:\/\/eu.tilta.com\/es\/wp-json\/wp\/v2\/product_cat?post=2002031"},{"taxonomy":"product_tag","embeddable":true,"href":"https:\/\/eu.tilta.com\/es\/wp-json\/wp\/v2\/product_tag?post=2002031"}],"curies":[{"name":"wp","href":"https:\/\/api.w.org\/{rel}","templated":true}]}}