{"id":2002046,"date":"2019-09-19T21:27:27","date_gmt":"2019-09-19T19:27:27","guid":{"rendered":"https:\/\/de.tilta.com\/shop\/placa-base-tilta-15mm-lws-tipo-iii\/"},"modified":"2025-12-05T13:32:09","modified_gmt":"2025-12-05T12:32:09","slug":"tiltaing-15mm-lws-baseplate-type-iii","status":"publish","type":"product","link":"https:\/\/eu.tilta.com\/es\/shop\/tiltaing-15mm-lws-baseplate-type-iii\/","title":{"rendered":"Placa base Tilta 15mm LWS Tipo III"},"content":{"rendered":"<p>Esta placa base LWS de 15 mm se desliza f\u00e1cilmente sobre la base de las jaulas de c\u00e1mara completa Tiltaing para Canon 5D\/7D.<\/p>\n<p>Dispone de portaca\u00f1as LWS de 15 mm para que puedas acoplar accesorios basados en ca\u00f1as y es compatible con las colas de milano est\u00e1ndar Tilta o las colas de milano est\u00e1ndar ARRI mediante un adaptador.<\/p>\n<p>Las roscas 1\/4\u2033-20 de la parte inferior admiten casi cualquier placa de liberaci\u00f3n r\u00e1pida.<\/p>\n","protected":false},"excerpt":{"rendered":"<p>Esta placa base LWS de 15 mm se desliza f\u00e1cilmente sobre la base de las jaulas de c\u00e1mara completa Tiltaing para Canon 5D\/7D. Dispone de portaca\u00f1as LWS de 15 mm para que puedas acoplar accesorios basados en ca\u00f1as y es [&hellip;]<\/p>\n","protected":false},"featured_media":0,"comment_status":"closed","ping_status":"closed","template":"","meta":[],"product_cat":[2814,2877],"product_tag":[],"acf":[],"gallery_images":[45445,45446],"_links":{"self":[{"href":"https:\/\/eu.tilta.com\/es\/wp-json\/wp\/v2\/product\/2002046"}],"collection":[{"href":"https:\/\/eu.tilta.com\/es\/wp-json\/wp\/v2\/product"}],"about":[{"href":"https:\/\/eu.tilta.com\/es\/wp-json\/wp\/v2\/types\/product"}],"replies":[{"embeddable":true,"href":"https:\/\/eu.tilta.com\/es\/wp-json\/wp\/v2\/comments?post=2002046"}],"wp:attachment":[{"href":"https:\/\/eu.tilta.com\/es\/wp-json\/wp\/v2\/media?parent=2002046"}],"wp:term":[{"taxonomy":"product_cat","embeddable":true,"href":"https:\/\/eu.tilta.com\/es\/wp-json\/wp\/v2\/product_cat?post=2002046"},{"taxonomy":"product_tag","embeddable":true,"href":"https:\/\/eu.tilta.com\/es\/wp-json\/wp\/v2\/product_tag?post=2002046"}],"curies":[{"name":"wp","href":"https:\/\/api.w.org\/{rel}","templated":true}]}}