{"id":2002050,"date":"2024-04-10T21:03:45","date_gmt":"2024-04-10T19:03:45","guid":{"rendered":"https:\/\/de.tilta.com\/shop\/kit-avanzado-khronos-iphone-15-pro-pro-max\/"},"modified":"2026-04-15T03:51:44","modified_gmt":"2026-04-15T01:51:44","slug":"khronos-iphone-15-pro-pro-max-advanced-kit","status":"publish","type":"product","link":"https:\/\/eu.tilta.com\/es\/shop\/khronos-iphone-15-pro-pro-max-advanced-kit\/","title":{"rendered":"Kit avanzado Khronos iPhone 15 Pro \/Pro Max"},"content":{"rendered":"<p>Presentamos el Kit Avanzado Khronos para iPhone 15 Pro \/ Pro Max, la nueva generaci\u00f3n de filmaci\u00f3n m\u00f3vil.<\/p>\n<p>Dise\u00f1ada meticulosamente para ambos modelos de iPhone 15, esta funda para smartphone inspirada en la jaula de la c\u00e1mara ofrece una mezcla inigualable de funcionalidad y elegancia.<\/p>\n<p>Fabricada para proteger tu tel\u00e9fono del desgaste diario, la funda Khronos ofrece una protecci\u00f3n fiable sin comprometer el estilo ni la funcionalidad.La instalaci\u00f3n requiere cuatro tornillos que garantizan que la funda y cualquier accesorio conectado permanezcan firmemente sujetos.<\/p>\n<p>Equipado con m\u00faltiples puntos de montaje, el innovador mecanismo de abrazadera de bloqueo garantiza unas conexiones seguras para accesorios adicionales. La carcasa Khronos cuenta con puntos de contacto electr\u00f3nicos integrados por todas partes, lo que te permite pasar energ\u00eda a trav\u00e9s de la jaula para alimentar tus accesorios.<\/p>\n<p>El Kit Avanzado incluye el Mango Khronos Focus PD, que proporciona potencia adicional a tu sistema y ofrece un mayor control sobre las funciones de Enfoque y Zoom del iPhone. Esta empu\u00f1adura utiliza el mismo mecanismo innovador de abrazadera de bloqueo que otros accesorios Khronos e incorpora una bater\u00eda interna que se puede cargar mediante USB-C.<\/p>\n<p>La empu\u00f1adura se conecta a un iPhone 15 mediante un cable USB-C integrado y utiliza bluetooth para controlar el enfoque o el zoom mediante el dial de la parte frontal de la empu\u00f1adura. Esto tambi\u00e9n proporciona m\u00e1s estabilidad al manejar el sistema y el bot\u00f3n de grabaci\u00f3n garantiza que los usuarios no tengan que soltar la empu\u00f1adura para empezar a grabar.<\/p>\n<p>Tambi\u00e9n se incluye con el kit el Sistema de Refrigeraci\u00f3n para Khronos, que incorpora un disipador de calor de frecuencia variable de 22 W capaz de alcanzar una velocidad m\u00e1xima de 6700 rpm, garantizando una disipaci\u00f3n eficaz y r\u00e1pida del calor hasta 39 \u00b0F.<\/p>\n<p>Equipado con una opci\u00f3n de carga multifunci\u00f3n de 5W\/10W, s\u00f3lo tienes que conectarlo a una fuente de alimentaci\u00f3n externa mediante USB-C o utilizar la energ\u00eda del asa incluida para cargar simult\u00e1neamente tu iPhone y mantener su temperatura. El disipador de calor utiliza la conexi\u00f3n magn\u00e9tica inal\u00e1mbrica MagSafe, mejorada con un n\u00facleo magn\u00e9tico incorporado de grado militar N52, que ofrece una robusta fuerza magn\u00e9tica para una fijaci\u00f3n estable y segura.<\/p>\n<p>La bandeja para filtros se monta f\u00e1cilmente en la funda Khronos mediante una conexi\u00f3n magn\u00e9tica segura y cuenta con un soporte giratorio que permite que la bandeja caiga en su sitio sobre los tres objetivos del iPhone 15 Pro\/Pro Max.<\/p>\n<p>Los filtros ND incluidos proporcionan un mayor control sobre la exposici\u00f3n, ya que permiten a los usuarios reducir la luz visible para el sensor, lo que tambi\u00e9n ayuda a mantener constante la velocidad de obturaci\u00f3n al disparar en entornos de iluminaci\u00f3n m\u00e1s brillante, como la luz del d\u00eda.<\/p>\n<p>Derivado de la palabra griega que significa &#8220;tiempo&#8221;, el nombre &#8220;Khronos&#8221; encarna un concepto profundo. M\u00e1s que una funda de tel\u00e9fono, sirve como recipiente para conservar los recuerdos m\u00e1s preciados compartidos entre familiares, amigos y seres queridos.<\/p>\n","protected":false},"excerpt":{"rendered":"<p>Presentamos el Kit Avanzado Khronos para iPhone 15 Pro \/ Pro Max, la nueva generaci\u00f3n de filmaci\u00f3n m\u00f3vil. Dise\u00f1ada meticulosamente para ambos modelos de iPhone 15, esta funda para smartphone inspirada en la jaula de la c\u00e1mara ofrece una mezcla [&hellip;]<\/p>\n","protected":false},"featured_media":2002051,"comment_status":"closed","ping_status":"closed","template":"","meta":[],"product_cat":[3500,4496,2943],"product_tag":[],"acf":[],"gallery_images":[2002052,2002053,2002054,2001242,2001243,2001244,2001245],"_links":{"self":[{"href":"https:\/\/eu.tilta.com\/es\/wp-json\/wp\/v2\/product\/2002050"}],"collection":[{"href":"https:\/\/eu.tilta.com\/es\/wp-json\/wp\/v2\/product"}],"about":[{"href":"https:\/\/eu.tilta.com\/es\/wp-json\/wp\/v2\/types\/product"}],"replies":[{"embeddable":true,"href":"https:\/\/eu.tilta.com\/es\/wp-json\/wp\/v2\/comments?post=2002050"}],"wp:featuredmedia":[{"embeddable":true,"href":"https:\/\/eu.tilta.com\/es\/wp-json\/wp\/v2\/media\/2002051"}],"wp:attachment":[{"href":"https:\/\/eu.tilta.com\/es\/wp-json\/wp\/v2\/media?parent=2002050"}],"wp:term":[{"taxonomy":"product_cat","embeddable":true,"href":"https:\/\/eu.tilta.com\/es\/wp-json\/wp\/v2\/product_cat?post=2002050"},{"taxonomy":"product_tag","embeddable":true,"href":"https:\/\/eu.tilta.com\/es\/wp-json\/wp\/v2\/product_tag?post=2002050"}],"curies":[{"name":"wp","href":"https:\/\/api.w.org\/{rel}","templated":true}]}}