{"id":2002074,"date":"2024-04-10T21:02:12","date_gmt":"2024-04-10T19:02:12","guid":{"rendered":"https:\/\/de.tilta.com\/shop\/kit-basico-khronos-iphone-15-pro-pro-max\/"},"modified":"2026-04-15T03:51:45","modified_gmt":"2026-04-15T01:51:45","slug":"khronos-iphone-15-pro-pro-max-basic-kit","status":"publish","type":"product","link":"https:\/\/eu.tilta.com\/es\/shop\/khronos-iphone-15-pro-pro-max-basic-kit\/","title":{"rendered":"Kit b\u00e1sico Khronos iPhone 15 Pro \/ Pro Max"},"content":{"rendered":"<p>Presentamos el Kit B\u00e1sico Khronos para iPhone 15 Pro \/ Pro Max, la nueva generaci\u00f3n de filmaci\u00f3n m\u00f3vil.<\/p>\n<p>Dise\u00f1ada meticulosamente para ambos modelos de iPhone 15, esta funda para smartphone inspirada en la jaula de la c\u00e1mara ofrece una mezcla inigualable de funcionalidad y elegancia.<\/p>\n<p>Fabricada para proteger tu tel\u00e9fono del desgaste diario, la funda Khronos ofrece una protecci\u00f3n fiable sin comprometer el estilo ni la funcionalidad.La instalaci\u00f3n requiere cuatro tornillos que garantizan que la funda y cualquier accesorio conectado permanezcan firmemente sujetos.<\/p>\n<p>Equipado con m\u00faltiples puntos de montaje, el innovador mecanismo de abrazadera de bloqueo garantiza unas conexiones seguras para accesorios adicionales. La carcasa Khronos cuenta con puntos de contacto electr\u00f3nicos integrados por todas partes, lo que te permite pasar energ\u00eda a trav\u00e9s de la jaula para alimentar tus accesorios.<\/p>\n<p>Con el Kit B\u00e1sico se incluye el Mango Khronos Focus PD, que proporciona potencia adicional a tu sistema y ofrece un mayor control sobre las funciones de Enfoque y Zoom del iPhone. Esta empu\u00f1adura utiliza el mismo mecanismo innovador de abrazadera de bloqueo que otros accesorios Khronos e incorpora una bater\u00eda interna que se puede cargar mediante USB-C.<\/p>\n<p>La empu\u00f1adura se conecta a un iPhone 15 mediante un cable USB-C integrado y utiliza bluetooth para controlar el enfoque o el zoom mediante el dial de la parte frontal de la empu\u00f1adura. Esto tambi\u00e9n proporciona m\u00e1s estabilidad al manejar el sistema y el bot\u00f3n de grabaci\u00f3n garantiza que los usuarios no tengan que soltar la empu\u00f1adura para empezar a grabar.<\/p>\n<p>Este kit tambi\u00e9n incluye una miniluz LED diurna que puede montarse en varias posiciones en la carcasa. La luz presenta un CRI \u226595RA y tiene 3 niveles de luminosidad establecidos, as\u00ed como un soporte ajustable.<\/p>\n<p>Derivado de la palabra griega que significa &#8220;tiempo&#8221;, el nombre &#8220;Khronos&#8221; encarna un concepto profundo. M\u00e1s que una funda de tel\u00e9fono, sirve como recipiente para conservar los recuerdos m\u00e1s preciados compartidos entre familiares, amigos y seres queridos.<\/p>\n","protected":false},"excerpt":{"rendered":"<p>Presentamos el Kit B\u00e1sico Khronos para iPhone 15 Pro \/ Pro Max, la nueva generaci\u00f3n de filmaci\u00f3n m\u00f3vil. Dise\u00f1ada meticulosamente para ambos modelos de iPhone 15, esta funda para smartphone inspirada en la jaula de la c\u00e1mara ofrece una mezcla [&hellip;]<\/p>\n","protected":false},"featured_media":2002075,"comment_status":"closed","ping_status":"closed","template":"","meta":[],"product_cat":[3500,4496,2943],"product_tag":[],"acf":[],"gallery_images":[2002076,2002077,2001242,2001243,2001244,2001245],"_links":{"self":[{"href":"https:\/\/eu.tilta.com\/es\/wp-json\/wp\/v2\/product\/2002074"}],"collection":[{"href":"https:\/\/eu.tilta.com\/es\/wp-json\/wp\/v2\/product"}],"about":[{"href":"https:\/\/eu.tilta.com\/es\/wp-json\/wp\/v2\/types\/product"}],"replies":[{"embeddable":true,"href":"https:\/\/eu.tilta.com\/es\/wp-json\/wp\/v2\/comments?post=2002074"}],"wp:featuredmedia":[{"embeddable":true,"href":"https:\/\/eu.tilta.com\/es\/wp-json\/wp\/v2\/media\/2002075"}],"wp:attachment":[{"href":"https:\/\/eu.tilta.com\/es\/wp-json\/wp\/v2\/media?parent=2002074"}],"wp:term":[{"taxonomy":"product_cat","embeddable":true,"href":"https:\/\/eu.tilta.com\/es\/wp-json\/wp\/v2\/product_cat?post=2002074"},{"taxonomy":"product_tag","embeddable":true,"href":"https:\/\/eu.tilta.com\/es\/wp-json\/wp\/v2\/product_tag?post=2002074"}],"curies":[{"name":"wp","href":"https:\/\/api.w.org\/{rel}","templated":true}]}}