{"id":2002094,"date":"2024-04-10T21:01:18","date_gmt":"2024-04-10T19:01:18","guid":{"rendered":"https:\/\/de.tilta.com\/shop\/kit-ligero-khronos-iphone-15-pro-pro-max\/"},"modified":"2026-04-15T03:51:45","modified_gmt":"2026-04-15T01:51:45","slug":"khronos-iphone-15-pro-pro-max-lightweight-kit","status":"publish","type":"product","link":"https:\/\/eu.tilta.com\/es\/shop\/khronos-iphone-15-pro-pro-max-lightweight-kit\/","title":{"rendered":"Kit ligero Khronos iPhone 15 Pro\/Pro Max"},"content":{"rendered":"<p>Presentamos el Kit Ligero Khronos para iPhone 15 Pro \/ Pro Max, la nueva generaci\u00f3n de filmaci\u00f3n m\u00f3vil.<\/p>\n<p>Dise\u00f1ada meticulosamente para ambos modelos de iPhone 15, esta funda para smartphone inspirada en la jaula de la c\u00e1mara ofrece una mezcla inigualable de funcionalidad y elegancia.<\/p>\n<p>Fabricada para proteger tu tel\u00e9fono del desgaste diario, la funda Khronos ofrece una protecci\u00f3n fiable sin comprometer el estilo ni la funcionalidad.La instalaci\u00f3n requiere cuatro tornillos que garantizan que la funda y cualquier accesorio conectado permanezcan firmemente sujetos.<\/p>\n<p>Equipado con m\u00faltiples puntos de montaje, el innovador mecanismo de abrazadera de bloqueo garantiza unas conexiones seguras para accesorios adicionales como asas laterales Focus, m\u00f3dulos de refrigeraci\u00f3n, filtros, luces de a bordo, concentradores USB-C y mucho m\u00e1s.<\/p>\n<p>La carcasa Khronos incorpora puntos de contacto electr\u00f3nicos integrados en toda la carcasa, lo que te permite pasar energ\u00eda a trav\u00e9s de ella para alimentar tus accesorios cuando utilices un Asa de Potencia opcional.<\/p>\n<p>Con el Kit Ligero se incluye el Asa Ajustable, que se monta de forma r\u00e1pida y segura mediante su abrazadera de bloqueo integrada en m\u00faltiples ubicaciones de la carcasa, admitiendo configuraciones de filmaci\u00f3n tanto horizontales como verticales.<\/p>\n<p>La empu\u00f1adura tiene una altura ajustable en relaci\u00f3n con el punto de montaje, lo que significa que los usuarios pueden ajustar la posici\u00f3n de esta empu\u00f1adura para obtener la m\u00e1xima comodidad mientras trabajan. La textura de silicona ayuda a que los usuarios tengan un agarre seguro del sistema cuando lo utilizan.<\/p>\n<p>Adem\u00e1s, la empu\u00f1adura puede girar un total de 180\u00b0 y bloquearse en 5 posiciones diferentes, para ofrecer m\u00e1s flexibilidad a la hora de manejarla y captar diferentes \u00e1ngulos.<\/p>\n<p>La parte superior e inferior de esta empu\u00f1adura tambi\u00e9n incorpora roscas de 1\/4\u2033-20 que permiten a los usuarios montar f\u00e1cilmente accesorios adicionales que normalmente se utilizar\u00edan en montajes de c\u00e1mara m\u00e1s tradicionales.<\/p>\n<p>Derivado de la palabra griega que significa &#8220;tiempo&#8221;, el nombre &#8220;Khronos&#8221; encarna un concepto profundo. M\u00e1s que una funda de tel\u00e9fono, sirve como recipiente para conservar los recuerdos m\u00e1s preciados compartidos entre familiares, amigos y seres queridos.<\/p>\n","protected":false},"excerpt":{"rendered":"<p>Presentamos el Kit Ligero Khronos para iPhone 15 Pro \/ Pro Max, la nueva generaci\u00f3n de filmaci\u00f3n m\u00f3vil. Dise\u00f1ada meticulosamente para ambos modelos de iPhone 15, esta funda para smartphone inspirada en la jaula de la c\u00e1mara ofrece una mezcla [&hellip;]<\/p>\n","protected":false},"featured_media":2002095,"comment_status":"closed","ping_status":"closed","template":"","meta":[],"product_cat":[3500,4496,2943],"product_tag":[],"acf":[],"gallery_images":[1975101,1975102,1975103,1974460,1974461,1974462,1974463],"_links":{"self":[{"href":"https:\/\/eu.tilta.com\/es\/wp-json\/wp\/v2\/product\/2002094"}],"collection":[{"href":"https:\/\/eu.tilta.com\/es\/wp-json\/wp\/v2\/product"}],"about":[{"href":"https:\/\/eu.tilta.com\/es\/wp-json\/wp\/v2\/types\/product"}],"replies":[{"embeddable":true,"href":"https:\/\/eu.tilta.com\/es\/wp-json\/wp\/v2\/comments?post=2002094"}],"wp:featuredmedia":[{"embeddable":true,"href":"https:\/\/eu.tilta.com\/es\/wp-json\/wp\/v2\/media\/2002095"}],"wp:attachment":[{"href":"https:\/\/eu.tilta.com\/es\/wp-json\/wp\/v2\/media?parent=2002094"}],"wp:term":[{"taxonomy":"product_cat","embeddable":true,"href":"https:\/\/eu.tilta.com\/es\/wp-json\/wp\/v2\/product_cat?post=2002094"},{"taxonomy":"product_tag","embeddable":true,"href":"https:\/\/eu.tilta.com\/es\/wp-json\/wp\/v2\/product_tag?post=2002094"}],"curies":[{"name":"wp","href":"https:\/\/api.w.org\/{rel}","templated":true}]}}