{"id":2002114,"date":"2024-04-10T21:00:27","date_gmt":"2024-04-10T19:00:27","guid":{"rendered":"https:\/\/de.tilta.com\/shop\/funda-khronos-iphone-15-pro-pro-max\/"},"modified":"2025-12-05T13:32:24","modified_gmt":"2025-12-05T12:32:24","slug":"khronos-iphone-15-pro-pro-max-case","status":"publish","type":"product","link":"https:\/\/eu.tilta.com\/es\/shop\/khronos-iphone-15-pro-pro-max-case\/","title":{"rendered":"Funda Khronos iPhone 15 Pro \/ Pro Max"},"content":{"rendered":"<p>Presentamos la Funda Khronos iPhone 15 Pro \/ Pro Max, la nueva generaci\u00f3n de filmaci\u00f3n m\u00f3vil.<\/p>\n<p>Dise\u00f1ada meticulosamente para ambos modelos de iPhone 15, esta funda para smartphone inspirada en la jaula de la c\u00e1mara ofrece una mezcla inigualable de funcionalidad y elegancia.<\/p>\n<p>Fabricada para proteger tu tel\u00e9fono del desgaste diario, la funda Khronos ofrece una protecci\u00f3n fiable sin comprometer el estilo ni la funcionalidad.<\/p>\n<p>La instalaci\u00f3n requiere cuatro tornillos que garantizan que la carcasa y cualquier accesorio conectado permanezcan firmemente sujetos.<\/p>\n<p>Equipado con m\u00faltiples puntos de montaje, el innovador mecanismo de abrazadera de bloqueo garantiza unas conexiones seguras para accesorios adicionales como asas laterales Focus, m\u00f3dulos de refrigeraci\u00f3n, filtros, luces de a bordo, concentradores USB-C y mucho m\u00e1s.<\/p>\n<p>La carcasa Khronos incorpora puntos de contacto electr\u00f3nicos integrados en toda la carcasa, lo que te permite pasar energ\u00eda a trav\u00e9s de ella para alimentar tus accesorios cuando utilices un Asa de Potencia opcional.<\/p>\n<p>Disponible en sofisticado Gris espacial y elegante Blanco titanio, la funda Khronos complementa el dise\u00f1o de tu iPhone a la vez que le a\u00f1ade un toque de estilo.<\/p>\n<p>Derivado de la palabra griega que significa &#8220;tiempo&#8221;, el nombre &#8220;Khronos&#8221; encarna un concepto profundo. M\u00e1s que una funda de tel\u00e9fono, sirve como recipiente para conservar los recuerdos m\u00e1s preciados compartidos entre familiares, amigos y seres queridos.<\/p>\n<p>Experimenta la filmaci\u00f3n como nunca con la funda Khronos para iPhone 15 Pro \/ Pro Max.<\/p>\n","protected":false},"excerpt":{"rendered":"<p>Presentamos la Funda Khronos iPhone 15 Pro \/ Pro Max, la nueva generaci\u00f3n de filmaci\u00f3n m\u00f3vil. Dise\u00f1ada meticulosamente para ambos modelos de iPhone 15, esta funda para smartphone inspirada en la jaula de la c\u00e1mara ofrece una mezcla inigualable de [&hellip;]<\/p>\n","protected":false},"featured_media":2002115,"comment_status":"closed","ping_status":"closed","template":"","meta":[],"product_cat":[3500,2943],"product_tag":[],"acf":[],"gallery_images":[2002116,2002117,2001242,2001243,2001244,2001245],"_links":{"self":[{"href":"https:\/\/eu.tilta.com\/es\/wp-json\/wp\/v2\/product\/2002114"}],"collection":[{"href":"https:\/\/eu.tilta.com\/es\/wp-json\/wp\/v2\/product"}],"about":[{"href":"https:\/\/eu.tilta.com\/es\/wp-json\/wp\/v2\/types\/product"}],"replies":[{"embeddable":true,"href":"https:\/\/eu.tilta.com\/es\/wp-json\/wp\/v2\/comments?post=2002114"}],"wp:featuredmedia":[{"embeddable":true,"href":"https:\/\/eu.tilta.com\/es\/wp-json\/wp\/v2\/media\/2002115"}],"wp:attachment":[{"href":"https:\/\/eu.tilta.com\/es\/wp-json\/wp\/v2\/media?parent=2002114"}],"wp:term":[{"taxonomy":"product_cat","embeddable":true,"href":"https:\/\/eu.tilta.com\/es\/wp-json\/wp\/v2\/product_cat?post=2002114"},{"taxonomy":"product_tag","embeddable":true,"href":"https:\/\/eu.tilta.com\/es\/wp-json\/wp\/v2\/product_tag?post=2002114"}],"curies":[{"name":"wp","href":"https:\/\/api.w.org\/{rel}","templated":true}]}}