{"id":2002131,"date":"2024-04-10T20:59:54","date_gmt":"2024-04-10T18:59:54","guid":{"rendered":"https:\/\/de.tilta.com\/shop\/mango-khronos-focus-pd-para-iphone\/"},"modified":"2026-04-15T03:51:45","modified_gmt":"2026-04-15T01:51:45","slug":"khronos-focus-pd-handle-for-iphone","status":"publish","type":"product","link":"https:\/\/eu.tilta.com\/es\/shop\/khronos-focus-pd-handle-for-iphone\/","title":{"rendered":"Mango Khronos Focus PD para iPhone"},"content":{"rendered":"<p>El mango Khronos Focus PD para iPhone es el accesorio definitivo para proporcionar potencia adicional a tu sistema y ofrece un mayor control sobre las funciones de Enfoque y Zoom del iPhone.<\/p>\n<p>Este accesorio utiliza el mismo mecanismo innovador de pinza de bloqueo que otros accesorios Khronos. Se puede conectar f\u00e1cilmente a cualquiera de los puntos de montaje de la funda del smartphone pulsando el bot\u00f3n de liberaci\u00f3n, alineando los pasadores y soltando el bot\u00f3n una vez colocado.<\/p>\n<p>La empu\u00f1adura incorpora una bater\u00eda interna que se puede cargar mediante USB-C y que puede proporcionar energ\u00eda a la carcasa Khronos, necesaria cuando se utilizan accesorios como el Mini Panel LED o el M\u00f3dulo de Refrigeraci\u00f3n.<\/p>\n<p>La empu\u00f1adura se conecta a un iPhone 15 mediante un cable USB-C integrado y utiliza bluetooth para controlar el enfoque o el zoom mediante el dial de la parte frontal de la empu\u00f1adura.<\/p>\n<p>Esto ofrece un mayor control sobre ambas funciones y permite a los usuarios cambiar lentamente de enfoque sin necesidad de tocar la pantalla y saltar a un nuevo punto focal.<\/p>\n<p>El asa tambi\u00e9n proporciona m\u00e1s estabilidad al manejar el sistema y el bot\u00f3n de grabaci\u00f3n garantiza que los usuarios no tengan que soltar el asa para empezar a grabar.<\/p>\n<p>Disponible en el sofisticado Gris espacial y el elegante Blanco titanio, para combinar con la Funda Khronos y complementar el dise\u00f1o de tu iPhone a\u00f1adiendo un toque de estilo.<\/p>\n","protected":false},"excerpt":{"rendered":"<p>El mango Khronos Focus PD para iPhone es el accesorio definitivo para proporcionar potencia adicional a tu sistema y ofrece un mayor control sobre las funciones de Enfoque y Zoom del iPhone. Este accesorio utiliza el mismo mecanismo innovador de [&hellip;]<\/p>\n","protected":false},"featured_media":2002132,"comment_status":"closed","ping_status":"closed","template":"","meta":[],"product_cat":[3500,3351,4207,4496,2943],"product_tag":[],"acf":[],"gallery_images":[2002133,2002134,2002135,2002136,2002137],"_links":{"self":[{"href":"https:\/\/eu.tilta.com\/es\/wp-json\/wp\/v2\/product\/2002131"}],"collection":[{"href":"https:\/\/eu.tilta.com\/es\/wp-json\/wp\/v2\/product"}],"about":[{"href":"https:\/\/eu.tilta.com\/es\/wp-json\/wp\/v2\/types\/product"}],"replies":[{"embeddable":true,"href":"https:\/\/eu.tilta.com\/es\/wp-json\/wp\/v2\/comments?post=2002131"}],"wp:featuredmedia":[{"embeddable":true,"href":"https:\/\/eu.tilta.com\/es\/wp-json\/wp\/v2\/media\/2002132"}],"wp:attachment":[{"href":"https:\/\/eu.tilta.com\/es\/wp-json\/wp\/v2\/media?parent=2002131"}],"wp:term":[{"taxonomy":"product_cat","embeddable":true,"href":"https:\/\/eu.tilta.com\/es\/wp-json\/wp\/v2\/product_cat?post=2002131"},{"taxonomy":"product_tag","embeddable":true,"href":"https:\/\/eu.tilta.com\/es\/wp-json\/wp\/v2\/product_tag?post=2002131"}],"curies":[{"name":"wp","href":"https:\/\/api.w.org\/{rel}","templated":true}]}}