{"id":2002142,"date":"2024-04-10T20:58:47","date_gmt":"2024-04-10T18:58:47","guid":{"rendered":"https:\/\/de.tilta.com\/shop\/hub-usb-c-de-liberacion-rapida-khronos\/"},"modified":"2026-04-15T03:53:12","modified_gmt":"2026-04-15T01:53:12","slug":"khronos-quick-release-usb-c-hub","status":"publish","type":"product","link":"https:\/\/eu.tilta.com\/es\/shop\/khronos-quick-release-usb-c-hub\/","title":{"rendered":"Hub USB-C de liberaci\u00f3n r\u00e1pida Khronos"},"content":{"rendered":"<p><em>Presentamos el concentrador USB-C de liberaci\u00f3n r\u00e1pida Khronos<\/em><\/p>\n<p>Libera todo el potencial de tu equipo iPhone con el concentrador USB-C de liberaci\u00f3n r\u00e1pida Khronos. Este concentrador multimedia todo en uno te permite conectarte a tu iPhone mediante USB-C, proporcionando una serie de opciones ampliadas para una integraci\u00f3n perfecta con dispositivos externos.<\/p>\n<p>Con 2 puertos Tipo-C, el Hub Khronos ofrece una versatilidad sin igual. Utiliza estos puertos para suministrar energ\u00eda a tus dispositivos o para la transmisi\u00f3n de datos a alta velocidad.<\/p>\n<p>Conecta unidades SSD externas sin esfuerzo, lo que es esencial para grabar en Apple Log y garantizar flujos de trabajo fluidos e ininterrumpidos. Ambos puertos pueden utilizarse simult\u00e1neamente, lo que proporciona una comodidad y eficacia inigualables.<\/p>\n<p>Dispone de un puerto HDMI para facilitar la salida de la se\u00f1al de v\u00eddeo a un monitor externo o a un transmisor inal\u00e1mbrico. Experimenta una calidad de v\u00eddeo cristalina y agiliza tu visi\u00f3n en directo en el plat\u00f3.<br \/>\nAdem\u00e1s de su vers\u00e1til conectividad, el concentrador incluye un puerto de audio de 3,5 mm.<\/p>\n<p>Esto permite monitorizar el audio en tiempo real durante la grabaci\u00f3n, garantizando una captura de sonido precisa para tus proyectos.<\/p>\n<p>En la parte inferior del concentrador USB-C hay una placa de liberaci\u00f3n r\u00e1pida ARCA integrada. Este innovador dise\u00f1o lo hace ideal para montar el Centro Khronos en tr\u00edpodes o cardanes con facilidad.<\/p>\n<p>Tanto si est\u00e1s grabando sobre la marcha como preparando una producci\u00f3n profesional, la placa de liberaci\u00f3n r\u00e1pida garantiza una conexi\u00f3n segura y estable.<\/p>\n","protected":false},"excerpt":{"rendered":"<p>Presentamos el concentrador USB-C de liberaci\u00f3n r\u00e1pida Khronos Libera todo el potencial de tu equipo iPhone con el concentrador USB-C de liberaci\u00f3n r\u00e1pida Khronos. Este concentrador multimedia todo en uno te permite conectarte a tu iPhone mediante USB-C, proporcionando una [&hellip;]<\/p>\n","protected":false},"featured_media":2002143,"comment_status":"closed","ping_status":"closed","template":"","meta":[],"product_cat":[3500,3351,4207,4496],"product_tag":[],"acf":[],"gallery_images":[2002144,2002134,2002135,2002136,2002137],"_links":{"self":[{"href":"https:\/\/eu.tilta.com\/es\/wp-json\/wp\/v2\/product\/2002142"}],"collection":[{"href":"https:\/\/eu.tilta.com\/es\/wp-json\/wp\/v2\/product"}],"about":[{"href":"https:\/\/eu.tilta.com\/es\/wp-json\/wp\/v2\/types\/product"}],"replies":[{"embeddable":true,"href":"https:\/\/eu.tilta.com\/es\/wp-json\/wp\/v2\/comments?post=2002142"}],"wp:featuredmedia":[{"embeddable":true,"href":"https:\/\/eu.tilta.com\/es\/wp-json\/wp\/v2\/media\/2002143"}],"wp:attachment":[{"href":"https:\/\/eu.tilta.com\/es\/wp-json\/wp\/v2\/media?parent=2002142"}],"wp:term":[{"taxonomy":"product_cat","embeddable":true,"href":"https:\/\/eu.tilta.com\/es\/wp-json\/wp\/v2\/product_cat?post=2002142"},{"taxonomy":"product_tag","embeddable":true,"href":"https:\/\/eu.tilta.com\/es\/wp-json\/wp\/v2\/product_tag?post=2002142"}],"curies":[{"name":"wp","href":"https:\/\/api.w.org\/{rel}","templated":true}]}}