{"id":2002150,"date":"2024-04-10T20:57:20","date_gmt":"2024-04-10T18:57:20","guid":{"rendered":"https:\/\/de.tilta.com\/shop\/sistema-de-refrigeracion-khronos-para-iphone\/"},"modified":"2026-04-15T03:51:45","modified_gmt":"2026-04-15T01:51:45","slug":"khronos-cooling-system-for-iphone","status":"publish","type":"product","link":"https:\/\/eu.tilta.com\/es\/shop\/khronos-cooling-system-for-iphone\/","title":{"rendered":"Sistema de refrigeraci\u00f3n Khronos para iPhone"},"content":{"rendered":"<p><em>Presentamos el sistema de refrigeraci\u00f3n Khronos para iPhone<br \/>\n<\/em><br \/>\nExperimenta una refrigeraci\u00f3n avanzada con el sistema de refrigeraci\u00f3n Khronos, dise\u00f1ado espec\u00edficamente para el iPhone 15 Pro y Pro Max, con o sin la funda Khronos para iPhone.<\/p>\n<p>Este innovador sistema incorpora un disipador de calor de frecuencia variable de 22 W, capaz de alcanzar una velocidad m\u00e1xima de 6.700 rpm, lo que garantiza una disipaci\u00f3n eficaz y r\u00e1pida del calor. Alcanza una temperatura de refrigeraci\u00f3n notablemente baja de 39 \u00b0F para un rendimiento \u00f3ptimo del dispositivo.<\/p>\n<p>Equipado con una opci\u00f3n de carga multifunci\u00f3n de 5W\/10W, s\u00f3lo tienes que conectarlo a una fuente de alimentaci\u00f3n externa mediante USB-C para cargar simult\u00e1neamente tu iPhone y mantener su temperatura.<\/p>\n<p>El disipador de calor utiliza la conexi\u00f3n magn\u00e9tica inal\u00e1mbrica MagSafe, mejorada con un n\u00facleo magn\u00e9tico incorporado de grado militar N52, que ofrece una robusta fuerza magn\u00e9tica para una fijaci\u00f3n estable y segura.<\/p>\n<p>Aumenta la capacidad de refrigeraci\u00f3n de tu iPhone con el sistema de refrigeraci\u00f3n Khronos, que garantiza una vida \u00fatil prolongada del dispositivo y un rendimiento ininterrumpido.<\/p>\n","protected":false},"excerpt":{"rendered":"<p>Presentamos el sistema de refrigeraci\u00f3n Khronos para iPhone Experimenta una refrigeraci\u00f3n avanzada con el sistema de refrigeraci\u00f3n Khronos, dise\u00f1ado espec\u00edficamente para el iPhone 15 Pro y Pro Max, con o sin la funda Khronos para iPhone. Este innovador sistema incorpora [&hellip;]<\/p>\n","protected":false},"featured_media":2002151,"comment_status":"closed","ping_status":"closed","template":"","meta":[],"product_cat":[4448,3500,4496,2943],"product_tag":[],"acf":[],"gallery_images":[2002152,2002134,2002135,2002136,2002137],"_links":{"self":[{"href":"https:\/\/eu.tilta.com\/es\/wp-json\/wp\/v2\/product\/2002150"}],"collection":[{"href":"https:\/\/eu.tilta.com\/es\/wp-json\/wp\/v2\/product"}],"about":[{"href":"https:\/\/eu.tilta.com\/es\/wp-json\/wp\/v2\/types\/product"}],"replies":[{"embeddable":true,"href":"https:\/\/eu.tilta.com\/es\/wp-json\/wp\/v2\/comments?post=2002150"}],"wp:featuredmedia":[{"embeddable":true,"href":"https:\/\/eu.tilta.com\/es\/wp-json\/wp\/v2\/media\/2002151"}],"wp:attachment":[{"href":"https:\/\/eu.tilta.com\/es\/wp-json\/wp\/v2\/media?parent=2002150"}],"wp:term":[{"taxonomy":"product_cat","embeddable":true,"href":"https:\/\/eu.tilta.com\/es\/wp-json\/wp\/v2\/product_cat?post=2002150"},{"taxonomy":"product_tag","embeddable":true,"href":"https:\/\/eu.tilta.com\/es\/wp-json\/wp\/v2\/product_tag?post=2002150"}],"curies":[{"name":"wp","href":"https:\/\/api.w.org\/{rel}","templated":true}]}}