{"id":2002157,"date":"2024-04-10T20:56:40","date_gmt":"2024-04-10T18:56:40","guid":{"rendered":"https:\/\/de.tilta.com\/shop\/soporte-khronos-otan-con-mango-circular-de-madera\/"},"modified":"2026-04-15T03:51:50","modified_gmt":"2026-04-15T01:51:50","slug":"khronos-nato-bracket-w-wooden-handle","status":"publish","type":"product","link":"https:\/\/eu.tilta.com\/es\/shop\/khronos-nato-bracket-w-wooden-handle\/","title":{"rendered":"Soporte Khronos OTAN con mango circular de madera"},"content":{"rendered":"<p>El Soporte Khronos NATO con Asa Circular de Madera es la opci\u00f3n perfecta para montar el Volante Nano II u otros accesorios NATO en tu Funda Khronos iPhone 15 Pro\/Pro Max.<\/p>\n<p>Este accesorio utiliza el mismo mecanismo innovador de pinza de bloqueo que otros accesorios Khronos.<\/p>\n<p>Se puede conectar f\u00e1cilmente a cualquiera de los puntos de montaje de la funda del smartphone pulsando el bot\u00f3n de liberaci\u00f3n, alineando los pasadores y soltando el bot\u00f3n una vez colocado.<\/p>\n<p>El mango circular de madera se puede girar 180 grados para ajustar su posici\u00f3n hacia delante y hacia atr\u00e1s, permitiendo a los usuarios encontrar el agarre m\u00e1s c\u00f3modo.<\/p>\n<p>Disponibles en el sofisticado Gris espacial y el elegante Blanco titanio, estos colores est\u00e1n dise\u00f1ados para combinar con la funda Khronos y complementar el dise\u00f1o de tu iPhone al tiempo que a\u00f1aden un toque de estilo.<\/p>\n","protected":false},"excerpt":{"rendered":"<p>El Soporte Khronos NATO con Asa Circular de Madera es la opci\u00f3n perfecta para montar el Volante Nano II u otros accesorios NATO en tu Funda Khronos iPhone 15 Pro\/Pro Max. Este accesorio utiliza el mismo mecanismo innovador de pinza [&hellip;]<\/p>\n","protected":false},"featured_media":2002158,"comment_status":"closed","ping_status":"closed","template":"","meta":[],"product_cat":[3500,3351,4207,4496],"product_tag":[],"acf":[],"gallery_images":[2002159,2002134,2002135,2002136,2002137],"_links":{"self":[{"href":"https:\/\/eu.tilta.com\/es\/wp-json\/wp\/v2\/product\/2002157"}],"collection":[{"href":"https:\/\/eu.tilta.com\/es\/wp-json\/wp\/v2\/product"}],"about":[{"href":"https:\/\/eu.tilta.com\/es\/wp-json\/wp\/v2\/types\/product"}],"replies":[{"embeddable":true,"href":"https:\/\/eu.tilta.com\/es\/wp-json\/wp\/v2\/comments?post=2002157"}],"wp:featuredmedia":[{"embeddable":true,"href":"https:\/\/eu.tilta.com\/es\/wp-json\/wp\/v2\/media\/2002158"}],"wp:attachment":[{"href":"https:\/\/eu.tilta.com\/es\/wp-json\/wp\/v2\/media?parent=2002157"}],"wp:term":[{"taxonomy":"product_cat","embeddable":true,"href":"https:\/\/eu.tilta.com\/es\/wp-json\/wp\/v2\/product_cat?post=2002157"},{"taxonomy":"product_tag","embeddable":true,"href":"https:\/\/eu.tilta.com\/es\/wp-json\/wp\/v2\/product_tag?post=2002157"}],"curies":[{"name":"wp","href":"https:\/\/api.w.org\/{rel}","templated":true}]}}