{"id":2002169,"date":"2024-04-10T20:56:37","date_gmt":"2024-04-10T18:56:37","guid":{"rendered":"https:\/\/de.tilta.com\/shop\/empunadura-ajustable-khronos\/"},"modified":"2026-04-15T03:53:37","modified_gmt":"2026-04-15T01:53:37","slug":"khronos-adjustable-handle","status":"publish","type":"product","link":"https:\/\/eu.tilta.com\/es\/shop\/khronos-adjustable-handle\/","title":{"rendered":"Empu\u00f1adura ajustable Khronos"},"content":{"rendered":"<p><em>Presentamos la empu\u00f1adura ajustable Khronos, un accesorio vers\u00e1til dise\u00f1ado para mejorar tu experiencia de disparo m\u00f3vil.<\/em><\/p>\n<p>Esta ligera empu\u00f1adura ofrece una r\u00e1pida fijaci\u00f3n a tu dispositivo, sin necesidad de herramientas para su instalaci\u00f3n, lo que garantiza la comodidad y la portabilidad sobre la marcha.<\/p>\n<p>Con un dise\u00f1o adaptable, encaja perfectamente a ambos lados de tu dispositivo, y presenta un rango de altura ajustable de hasta 53 mm para una m\u00e1xima flexibilidad de colocaci\u00f3n.<\/p>\n<p>Gira el asa 90\u00b0 para utilizarla como asa superior, a\u00f1adiendo practicidad a su funcionalidad. Disfruta de un control preciso con cinco opciones de rotaci\u00f3n del engranaje, que te permiten encontrar el \u00e1ngulo perfecto para tus necesidades.<\/p>\n<p>Fabricado con una c\u00f3moda empu\u00f1adura de silicona antideslizante y una superficie texturizada, este mango garantiza una sujeci\u00f3n segura y c\u00f3moda durante su uso.<\/p>\n<p>Adem\u00e1s, con orificios roscados integrados de 1\/4 en la parte superior e inferior, ofrece posibilidades de ampliaci\u00f3n para conectar dispositivos adicionales, mejorando tu configuraci\u00f3n creativa<\/p>\n","protected":false},"excerpt":{"rendered":"<p>Presentamos la empu\u00f1adura ajustable Khronos, un accesorio vers\u00e1til dise\u00f1ado para mejorar tu experiencia de disparo m\u00f3vil. Esta ligera empu\u00f1adura ofrece una r\u00e1pida fijaci\u00f3n a tu dispositivo, sin necesidad de herramientas para su instalaci\u00f3n, lo que garantiza la comodidad y la [&hellip;]<\/p>\n","protected":false},"featured_media":2026315,"comment_status":"closed","ping_status":"closed","template":"","meta":[],"product_cat":[3500,3351,4207,4496],"product_tag":[],"acf":[],"gallery_images":[2026305,1975034,1975035,1975036,1975037],"_links":{"self":[{"href":"https:\/\/eu.tilta.com\/es\/wp-json\/wp\/v2\/product\/2002169"}],"collection":[{"href":"https:\/\/eu.tilta.com\/es\/wp-json\/wp\/v2\/product"}],"about":[{"href":"https:\/\/eu.tilta.com\/es\/wp-json\/wp\/v2\/types\/product"}],"replies":[{"embeddable":true,"href":"https:\/\/eu.tilta.com\/es\/wp-json\/wp\/v2\/comments?post=2002169"}],"wp:featuredmedia":[{"embeddable":true,"href":"https:\/\/eu.tilta.com\/es\/wp-json\/wp\/v2\/media\/2026315"}],"wp:attachment":[{"href":"https:\/\/eu.tilta.com\/es\/wp-json\/wp\/v2\/media?parent=2002169"}],"wp:term":[{"taxonomy":"product_cat","embeddable":true,"href":"https:\/\/eu.tilta.com\/es\/wp-json\/wp\/v2\/product_cat?post=2002169"},{"taxonomy":"product_tag","embeddable":true,"href":"https:\/\/eu.tilta.com\/es\/wp-json\/wp\/v2\/product_tag?post=2002169"}],"curies":[{"name":"wp","href":"https:\/\/api.w.org\/{rel}","templated":true}]}}