{"id":2002199,"date":"2024-04-10T20:55:53","date_gmt":"2024-04-10T18:55:53","guid":{"rendered":"https:\/\/de.tilta.com\/shop\/adaptador-de-liberacion-rapida-para-zapata-fria-khronos\/"},"modified":"2026-04-15T03:53:41","modified_gmt":"2026-04-15T01:53:41","slug":"khronos-cold-shoe-quick-release-adapter","status":"publish","type":"product","link":"https:\/\/eu.tilta.com\/es\/shop\/khronos-cold-shoe-quick-release-adapter\/","title":{"rendered":"Adaptador de liberaci\u00f3n r\u00e1pida para zapata fr\u00eda Khronos"},"content":{"rendered":"<p><em>El adaptador de liberaci\u00f3n r\u00e1pida para zapata fr\u00eda Khronos es la opci\u00f3n perfecta para montar accesorios de c\u00e1mara tradicionales en tu funda Khronos iPhone 15 Pro \/ Pro Max.<\/em><\/p>\n<p>Este accesorio utiliza el mismo mecanismo innovador de pinza de bloqueo que otros accesorios Khronos.<\/p>\n<p>Se puede conectar f\u00e1cilmente a cualquiera de los puntos de montaje de la funda del smartphone pulsando el bot\u00f3n de liberaci\u00f3n, alineando los pasadores y soltando el bot\u00f3n una vez colocado.<\/p>\n<p>La montura incorpora un \u00fanico receptor de zapata fr\u00eda, perfecto para accesorios como micr\u00f3fonos de brazo incorporados y monitores externos mediante una montura de monitor de zapata fr\u00eda.<\/p>\n<p>Disponible en el sofisticado Gris espacial y el elegante Blanco titanio, para combinar con la Funda Khronos y complementar el dise\u00f1o de tu iPhone a\u00f1adiendo un toque de estilo.<\/p>\n","protected":false},"excerpt":{"rendered":"<p>El adaptador de liberaci\u00f3n r\u00e1pida para zapata fr\u00eda Khronos es la opci\u00f3n perfecta para montar accesorios de c\u00e1mara tradicionales en tu funda Khronos iPhone 15 Pro \/ Pro Max. Este accesorio utiliza el mismo mecanismo innovador de pinza de bloqueo [&hellip;]<\/p>\n","protected":false},"featured_media":2002200,"comment_status":"closed","ping_status":"closed","template":"","meta":[],"product_cat":[4448,3500,3351,4207,4496],"product_tag":[],"acf":[],"gallery_images":[2002201,2002134,2002135,2002136,2002137],"_links":{"self":[{"href":"https:\/\/eu.tilta.com\/es\/wp-json\/wp\/v2\/product\/2002199"}],"collection":[{"href":"https:\/\/eu.tilta.com\/es\/wp-json\/wp\/v2\/product"}],"about":[{"href":"https:\/\/eu.tilta.com\/es\/wp-json\/wp\/v2\/types\/product"}],"replies":[{"embeddable":true,"href":"https:\/\/eu.tilta.com\/es\/wp-json\/wp\/v2\/comments?post=2002199"}],"wp:featuredmedia":[{"embeddable":true,"href":"https:\/\/eu.tilta.com\/es\/wp-json\/wp\/v2\/media\/2002200"}],"wp:attachment":[{"href":"https:\/\/eu.tilta.com\/es\/wp-json\/wp\/v2\/media?parent=2002199"}],"wp:term":[{"taxonomy":"product_cat","embeddable":true,"href":"https:\/\/eu.tilta.com\/es\/wp-json\/wp\/v2\/product_cat?post=2002199"},{"taxonomy":"product_tag","embeddable":true,"href":"https:\/\/eu.tilta.com\/es\/wp-json\/wp\/v2\/product_tag?post=2002199"}],"curies":[{"name":"wp","href":"https:\/\/api.w.org\/{rel}","templated":true}]}}