{"id":2002206,"date":"2024-04-10T20:55:32","date_gmt":"2024-04-10T18:55:32","guid":{"rendered":"https:\/\/de.tilta.com\/shop\/adaptador-de-liberacion-rapida-arca-khronos-38-mm\/"},"modified":"2026-04-15T03:53:40","modified_gmt":"2026-04-15T01:53:40","slug":"khronos-arca-quick-release-adapter-38mm","status":"publish","type":"product","link":"https:\/\/eu.tilta.com\/es\/shop\/khronos-arca-quick-release-adapter-38mm\/","title":{"rendered":"Adaptador de liberaci\u00f3n r\u00e1pida ARCA Khronos (38 mm)"},"content":{"rendered":"<p><em>El adaptador de liberaci\u00f3n r\u00e1pida ARCA de Khronos es la opci\u00f3n perfecta para montar tu funda Khronos para iPhone 15 Pro \/ Pro Max en un tr\u00edpode, card\u00e1n o sistema de soporte.<\/em><\/p>\n<p>Este accesorio utiliza el mismo mecanismo innovador de pinza de bloqueo que otros accesorios Khronos.<\/p>\n<p>Se puede conectar f\u00e1cilmente a cualquiera de los puntos de montaje de la funda del smartphone pulsando el bot\u00f3n de liberaci\u00f3n, alineando los pasadores y soltando el bot\u00f3n una vez colocado.<\/p>\n<p>La placa de liberaci\u00f3n r\u00e1pida ARCA garantiza que el sistema se monte r\u00e1pidamente en tr\u00edpodes ARCA compatibles, as\u00ed como en cardanes DJI como el RS2, RS3, RS3 Pro o cualquier otro sistema de soporte que utilice un receptor ARCA.<\/p>\n<p>Disponible en el sofisticado Gris espacial y el elegante Blanco titanio, para combinar con la Funda Khronos y complementar el dise\u00f1o de tu iPhone a\u00f1adiendo un toque de estilo.<\/p>\n","protected":false},"excerpt":{"rendered":"<p>El adaptador de liberaci\u00f3n r\u00e1pida ARCA de Khronos es la opci\u00f3n perfecta para montar tu funda Khronos para iPhone 15 Pro \/ Pro Max en un tr\u00edpode, card\u00e1n o sistema de soporte. Este accesorio utiliza el mismo mecanismo innovador de [&hellip;]<\/p>\n","protected":false},"featured_media":2026440,"comment_status":"closed","ping_status":"closed","template":"","meta":[],"product_cat":[4448,3500,3351,4207,4496,2943],"product_tag":[],"acf":[],"gallery_images":[2026430,1975034,1975035,1975036,1975037],"_links":{"self":[{"href":"https:\/\/eu.tilta.com\/es\/wp-json\/wp\/v2\/product\/2002206"}],"collection":[{"href":"https:\/\/eu.tilta.com\/es\/wp-json\/wp\/v2\/product"}],"about":[{"href":"https:\/\/eu.tilta.com\/es\/wp-json\/wp\/v2\/types\/product"}],"replies":[{"embeddable":true,"href":"https:\/\/eu.tilta.com\/es\/wp-json\/wp\/v2\/comments?post=2002206"}],"wp:featuredmedia":[{"embeddable":true,"href":"https:\/\/eu.tilta.com\/es\/wp-json\/wp\/v2\/media\/2026440"}],"wp:attachment":[{"href":"https:\/\/eu.tilta.com\/es\/wp-json\/wp\/v2\/media?parent=2002206"}],"wp:term":[{"taxonomy":"product_cat","embeddable":true,"href":"https:\/\/eu.tilta.com\/es\/wp-json\/wp\/v2\/product_cat?post=2002206"},{"taxonomy":"product_tag","embeddable":true,"href":"https:\/\/eu.tilta.com\/es\/wp-json\/wp\/v2\/product_tag?post=2002206"}],"curies":[{"name":"wp","href":"https:\/\/api.w.org\/{rel}","templated":true}]}}