{"id":2002214,"date":"2024-04-10T20:55:24","date_gmt":"2024-04-10T18:55:24","guid":{"rendered":"https:\/\/de.tilta.com\/shop\/mini-panel-led-khronos-luz-diurna\/"},"modified":"2026-04-15T03:53:13","modified_gmt":"2026-04-15T01:53:13","slug":"khronos-mini-led-panel-daylight","status":"publish","type":"product","link":"https:\/\/eu.tilta.com\/es\/shop\/khronos-mini-led-panel-daylight\/","title":{"rendered":"Mini panel LED Khronos (Luz diurna)"},"content":{"rendered":"<p>Te presentamos el Mini Panel LED Khronos (Luz diurna) , un accesorio de iluminaci\u00f3n vers\u00e1til para tu Funda Khronos iPhone 15 Pro \/ Pro Max.<\/p>\n<p>Con una estructura giratoria que ofrece \u00b130\u00b0 de inclinaci\u00f3n y 350\u00b0 de rotaci\u00f3n horizontal, proporciona una direcci\u00f3n flexible de la luz.<\/p>\n<p>Este accesorio utiliza el mismo mecanismo innovador de pinza de bloqueo que otros accesorios Khronos.<\/p>\n<p>Se puede conectar f\u00e1cilmente a cualquiera de los puntos de montaje de la funda del smartphone pulsando el bot\u00f3n de liberaci\u00f3n, alineando los pasadores y soltando el bot\u00f3n una vez colocado.<\/p>\n<p>Este panel compacto ofrece una iluminaci\u00f3n personalizable. Con tres niveles de luminosidad, se adapta a diversos escenarios de disparo. S\u00f3lo tienes que pulsar prolongadamente para encender\/apagar y pulsar brevemente para ajustar el brillo.<\/p>\n<p>Funciona a 9-12 V, 1 A y consume s\u00f3lo 5 W, por lo que ofrece un rendimiento excepcional. Con un CRI de \u226595RA, garantiza una representaci\u00f3n precisa del color para obtener resultados de alta calidad.<\/p>\n","protected":false},"excerpt":{"rendered":"<p>Te presentamos el Mini Panel LED Khronos (Luz diurna) , un accesorio de iluminaci\u00f3n vers\u00e1til para tu Funda Khronos iPhone 15 Pro \/ Pro Max. Con una estructura giratoria que ofrece \u00b130\u00b0 de inclinaci\u00f3n y 350\u00b0 de rotaci\u00f3n horizontal, proporciona [&hellip;]<\/p>\n","protected":false},"featured_media":2002215,"comment_status":"closed","ping_status":"closed","template":"","meta":[],"product_cat":[4448,3500,3351,4207,4496,2943],"product_tag":[],"acf":[],"gallery_images":[2002216,2002134,2002135,2002136,2002137],"_links":{"self":[{"href":"https:\/\/eu.tilta.com\/es\/wp-json\/wp\/v2\/product\/2002214"}],"collection":[{"href":"https:\/\/eu.tilta.com\/es\/wp-json\/wp\/v2\/product"}],"about":[{"href":"https:\/\/eu.tilta.com\/es\/wp-json\/wp\/v2\/types\/product"}],"replies":[{"embeddable":true,"href":"https:\/\/eu.tilta.com\/es\/wp-json\/wp\/v2\/comments?post=2002214"}],"wp:featuredmedia":[{"embeddable":true,"href":"https:\/\/eu.tilta.com\/es\/wp-json\/wp\/v2\/media\/2002215"}],"wp:attachment":[{"href":"https:\/\/eu.tilta.com\/es\/wp-json\/wp\/v2\/media?parent=2002214"}],"wp:term":[{"taxonomy":"product_cat","embeddable":true,"href":"https:\/\/eu.tilta.com\/es\/wp-json\/wp\/v2\/product_cat?post=2002214"},{"taxonomy":"product_tag","embeddable":true,"href":"https:\/\/eu.tilta.com\/es\/wp-json\/wp\/v2\/product_tag?post=2002214"}],"curies":[{"name":"wp","href":"https:\/\/api.w.org\/{rel}","templated":true}]}}