{"id":2002222,"date":"2024-04-10T20:53:07","date_gmt":"2024-04-10T18:53:07","guid":{"rendered":"https:\/\/de.tilta.com\/shop\/adaptador-de-objetivo-khronos-para-iphone\/"},"modified":"2026-04-15T03:52:09","modified_gmt":"2026-04-15T01:52:09","slug":"khronos-lens-adapter-for-iphone","status":"publish","type":"product","link":"https:\/\/eu.tilta.com\/es\/shop\/khronos-lens-adapter-for-iphone\/","title":{"rendered":"Adaptador de objetivo Khronos para iPhone"},"content":{"rendered":"<p><em>El adaptador de objetivo Khronos para iPhone es la opci\u00f3n perfecta para montar diversos objetivos compactos en tu iPhone 15 Pro o Pro Max cuando utilices la funda Khronos.<\/em><\/p>\n<p>Este accesorio utiliza el mismo mecanismo innovador de pinza de bloqueo que otros accesorios Khronos.<\/p>\n<p>Se puede conectar f\u00e1cilmente a cualquiera de los puntos de montaje de la funda del smartphone pulsando el bot\u00f3n de liberaci\u00f3n, alineando los pasadores y soltando el bot\u00f3n una vez colocado.<\/p>\n<p>El adaptador puede colocarse entonces delante de las lentes del iPhone.<\/p>\n<p>El adaptador incluye opciones para montar objetivos con montura de 17 mm, montura de la serie M o montura de la serie T.<\/p>\n<p>Disponible en el sofisticado Gris espacial y el elegante Blanco titanio, para combinar con la Funda Khronos y complementar el dise\u00f1o de tu iPhone a\u00f1adiendo un toque de estilo.<\/p>\n","protected":false},"excerpt":{"rendered":"<p>El adaptador de objetivo Khronos para iPhone es la opci\u00f3n perfecta para montar diversos objetivos compactos en tu iPhone 15 Pro o Pro Max cuando utilices la funda Khronos. Este accesorio utiliza el mismo mecanismo innovador de pinza de bloqueo [&hellip;]<\/p>\n","protected":false},"featured_media":2002224,"comment_status":"closed","ping_status":"closed","template":"","meta":[],"product_cat":[4448,3500,4496,2943],"product_tag":[],"acf":[],"gallery_images":[2002225,2002134,2002135,2002136,2002137],"_links":{"self":[{"href":"https:\/\/eu.tilta.com\/es\/wp-json\/wp\/v2\/product\/2002222"}],"collection":[{"href":"https:\/\/eu.tilta.com\/es\/wp-json\/wp\/v2\/product"}],"about":[{"href":"https:\/\/eu.tilta.com\/es\/wp-json\/wp\/v2\/types\/product"}],"replies":[{"embeddable":true,"href":"https:\/\/eu.tilta.com\/es\/wp-json\/wp\/v2\/comments?post=2002222"}],"wp:featuredmedia":[{"embeddable":true,"href":"https:\/\/eu.tilta.com\/es\/wp-json\/wp\/v2\/media\/2002224"}],"wp:attachment":[{"href":"https:\/\/eu.tilta.com\/es\/wp-json\/wp\/v2\/media?parent=2002222"}],"wp:term":[{"taxonomy":"product_cat","embeddable":true,"href":"https:\/\/eu.tilta.com\/es\/wp-json\/wp\/v2\/product_cat?post=2002222"},{"taxonomy":"product_tag","embeddable":true,"href":"https:\/\/eu.tilta.com\/es\/wp-json\/wp\/v2\/product_tag?post=2002222"}],"curies":[{"name":"wp","href":"https:\/\/api.w.org\/{rel}","templated":true}]}}