{"id":2002251,"date":"2024-03-11T20:25:10","date_gmt":"2024-03-11T19:25:10","guid":{"rendered":"https:\/\/de.tilta.com\/shop\/placa-base-plegable-tilta-arca-negra\/"},"modified":"2025-12-05T13:33:07","modified_gmt":"2025-12-05T12:33:07","slug":"tilta-foldable-arca-baseplate-black","status":"publish","type":"product","link":"https:\/\/eu.tilta.com\/es\/shop\/tilta-foldable-arca-baseplate-black\/","title":{"rendered":"Placa base plegable Tilta Arca &#8211; Negra"},"content":{"rendered":"<p>Presentamos la Base Arca Plegable, el accesorio ligero perfecto para pasar r\u00e1pidamente de la configuraci\u00f3n de disparo horizontal a la vertical cuando se utilizan c\u00e1maras m\u00e1s peque\u00f1as.<\/p>\n<p>Un solo bot\u00f3n permite desbloquear la placa base para girar y bloquear la plataforma central en un \u00e1ngulo de 90\u00b0.<\/p>\n<p>La placa inferior ARCA multidireccional hace que este adaptador sea f\u00e1cil de montar en cualquier receptor ARCA est\u00e1ndar o tr\u00edpode DJI compatible. (Ten en cuenta que no se garantiza la compatibilidad con ARCA)<\/p>\n<p>Con un peso de s\u00f3lo 2,45 onzas y un soporte de hasta 6,6 libras, este accesorio es incre\u00edblemente ligero, pero duradero.<\/p>\n<p>.<\/p>\n","protected":false},"excerpt":{"rendered":"<p>Presentamos la Base Arca Plegable, el accesorio ligero perfecto para pasar r\u00e1pidamente de la configuraci\u00f3n de disparo horizontal a la vertical cuando se utilizan c\u00e1maras m\u00e1s peque\u00f1as. Un solo bot\u00f3n permite desbloquear la placa base para girar y bloquear la [&hellip;]<\/p>\n","protected":false},"featured_media":2002253,"comment_status":"closed","ping_status":"closed","template":"","meta":[],"product_cat":[3363,3366,2844,2842,2833,2831,2740,2839,2742,2837,2744,2836,2840,2835,2745,2841,2832,2786,2736,2828,2734,2725,2775,2825,2936,2864],"product_tag":[],"acf":[],"gallery_images":[2002254,2002255,2002256,2002257,2002258],"_links":{"self":[{"href":"https:\/\/eu.tilta.com\/es\/wp-json\/wp\/v2\/product\/2002251"}],"collection":[{"href":"https:\/\/eu.tilta.com\/es\/wp-json\/wp\/v2\/product"}],"about":[{"href":"https:\/\/eu.tilta.com\/es\/wp-json\/wp\/v2\/types\/product"}],"replies":[{"embeddable":true,"href":"https:\/\/eu.tilta.com\/es\/wp-json\/wp\/v2\/comments?post=2002251"}],"wp:featuredmedia":[{"embeddable":true,"href":"https:\/\/eu.tilta.com\/es\/wp-json\/wp\/v2\/media\/2002253"}],"wp:attachment":[{"href":"https:\/\/eu.tilta.com\/es\/wp-json\/wp\/v2\/media?parent=2002251"}],"wp:term":[{"taxonomy":"product_cat","embeddable":true,"href":"https:\/\/eu.tilta.com\/es\/wp-json\/wp\/v2\/product_cat?post=2002251"},{"taxonomy":"product_tag","embeddable":true,"href":"https:\/\/eu.tilta.com\/es\/wp-json\/wp\/v2\/product_tag?post=2002251"}],"curies":[{"name":"wp","href":"https:\/\/api.w.org\/{rel}","templated":true}]}}