{"id":2002259,"date":"2024-04-10T20:52:46","date_gmt":"2024-04-10T18:52:46","guid":{"rendered":"https:\/\/de.tilta.com\/shop\/bandeja-de-filtro-de-liberacion-rapida-khronos-para-iphone\/"},"modified":"2025-12-05T13:33:22","modified_gmt":"2025-12-05T12:33:22","slug":"khronos-quick-release-filter-tray-for-iphone","status":"publish","type":"product","link":"https:\/\/eu.tilta.com\/es\/shop\/khronos-quick-release-filter-tray-for-iphone\/","title":{"rendered":"Bandeja de filtro de liberaci\u00f3n r\u00e1pida Khronos para iPhone"},"content":{"rendered":"<p><em>La bandeja para filtros de liberaci\u00f3n r\u00e1pida Khronos es el accesorio perfecto para montar los filtros magn\u00e9ticos Khronos en tu sistema.<\/em><\/p>\n<p>La bandeja para filtros se monta f\u00e1cilmente en la funda Khronos para iPhone 15 Pro\/ Pro Max mediante una conexi\u00f3n magn\u00e9tica segura.<\/p>\n<p>La bandeja cuenta con un soporte giratorio que permite colocarla sobre los tres objetivos del iPhone 15 Pro\/Pro Max.<\/p>\n<p>Esto permite a los usuarios montar f\u00e1cilmente filtros como los de densidad neutra, difusi\u00f3n, protecci\u00f3n UV y otros.<\/p>\n","protected":false},"excerpt":{"rendered":"<p>La bandeja para filtros de liberaci\u00f3n r\u00e1pida Khronos es el accesorio perfecto para montar los filtros magn\u00e9ticos Khronos en tu sistema. La bandeja para filtros se monta f\u00e1cilmente en la funda Khronos para iPhone 15 Pro\/ Pro Max mediante una [&hellip;]<\/p>\n","protected":false},"featured_media":2002268,"comment_status":"closed","ping_status":"closed","template":"","meta":[],"product_cat":[3500,2943],"product_tag":[],"acf":[],"gallery_images":[2002269,2002134,2002135,2002136,2002137],"_links":{"self":[{"href":"https:\/\/eu.tilta.com\/es\/wp-json\/wp\/v2\/product\/2002259"}],"collection":[{"href":"https:\/\/eu.tilta.com\/es\/wp-json\/wp\/v2\/product"}],"about":[{"href":"https:\/\/eu.tilta.com\/es\/wp-json\/wp\/v2\/types\/product"}],"replies":[{"embeddable":true,"href":"https:\/\/eu.tilta.com\/es\/wp-json\/wp\/v2\/comments?post=2002259"}],"wp:featuredmedia":[{"embeddable":true,"href":"https:\/\/eu.tilta.com\/es\/wp-json\/wp\/v2\/media\/2002268"}],"wp:attachment":[{"href":"https:\/\/eu.tilta.com\/es\/wp-json\/wp\/v2\/media?parent=2002259"}],"wp:term":[{"taxonomy":"product_cat","embeddable":true,"href":"https:\/\/eu.tilta.com\/es\/wp-json\/wp\/v2\/product_cat?post=2002259"},{"taxonomy":"product_tag","embeddable":true,"href":"https:\/\/eu.tilta.com\/es\/wp-json\/wp\/v2\/product_tag?post=2002259"}],"curies":[{"name":"wp","href":"https:\/\/api.w.org\/{rel}","templated":true}]}}