{"id":2002276,"date":"2024-04-10T20:51:17","date_gmt":"2024-04-10T18:51:17","guid":{"rendered":"https:\/\/de.tilta.com\/shop\/filtro-magnetico-fsnd-khronos-para-iphone\/"},"modified":"2026-04-15T03:56:11","modified_gmt":"2026-04-15T01:56:11","slug":"khronos-quick-release-filter-tray-for-iphone-0-6","status":"publish","type":"product","link":"https:\/\/eu.tilta.com\/es\/shop\/khronos-quick-release-filter-tray-for-iphone-0-6\/","title":{"rendered":"Filtro magn\u00e9tico FSND Khronos para iPhone"},"content":{"rendered":"<p><em>Los Filtros Magn\u00e9ticos Khronos est\u00e1n dise\u00f1ados espec\u00edficamente para ser utilizados con el iPhone 15 Pro y Pro Max.<\/em><\/p>\n<p>Estos filtros caen f\u00e1cilmente en la bandeja para filtros de liberaci\u00f3n r\u00e1pida Khronos para iPhone cuando se utiliza la funda Khronos para iPhone.<\/p>\n<p>Estos filtros vienen en varios niveles de Densidad Neutra, lo que proporciona a los usuarios un mayor control sobre su exposici\u00f3n.<\/p>\n<p>Esto permite a los usuarios reducir la luz visible para el sensor, lo que te permite mantener constante la velocidad de obturaci\u00f3n al disparar en entornos de iluminaci\u00f3n m\u00e1s brillante, como la luz del d\u00eda.<\/p>\n<p>Los Filtros ND de Espectro Completo reducen uniformemente todas las longitudes de onda de la luz, incluida la luz visible, la ultravioleta y la infrarroja.<\/p>\n","protected":false},"excerpt":{"rendered":"<p>Los Filtros Magn\u00e9ticos Khronos est\u00e1n dise\u00f1ados espec\u00edficamente para ser utilizados con el iPhone 15 Pro y Pro Max. Estos filtros caen f\u00e1cilmente en la bandeja para filtros de liberaci\u00f3n r\u00e1pida Khronos para iPhone cuando se utiliza la funda Khronos para [&hellip;]<\/p>\n","protected":false},"featured_media":2026588,"comment_status":"closed","ping_status":"closed","template":"","meta":[],"product_cat":[3500,3351,4207,4496,3879,2943],"product_tag":[],"acf":[],"gallery_images":[1975034,1975035,1975036,1975037],"_links":{"self":[{"href":"https:\/\/eu.tilta.com\/es\/wp-json\/wp\/v2\/product\/2002276"}],"collection":[{"href":"https:\/\/eu.tilta.com\/es\/wp-json\/wp\/v2\/product"}],"about":[{"href":"https:\/\/eu.tilta.com\/es\/wp-json\/wp\/v2\/types\/product"}],"replies":[{"embeddable":true,"href":"https:\/\/eu.tilta.com\/es\/wp-json\/wp\/v2\/comments?post=2002276"}],"wp:featuredmedia":[{"embeddable":true,"href":"https:\/\/eu.tilta.com\/es\/wp-json\/wp\/v2\/media\/2026588"}],"wp:attachment":[{"href":"https:\/\/eu.tilta.com\/es\/wp-json\/wp\/v2\/media?parent=2002276"}],"wp:term":[{"taxonomy":"product_cat","embeddable":true,"href":"https:\/\/eu.tilta.com\/es\/wp-json\/wp\/v2\/product_cat?post=2002276"},{"taxonomy":"product_tag","embeddable":true,"href":"https:\/\/eu.tilta.com\/es\/wp-json\/wp\/v2\/product_tag?post=2002276"}],"curies":[{"name":"wp","href":"https:\/\/api.w.org\/{rel}","templated":true}]}}