{"id":2002293,"date":"2024-04-10T20:50:09","date_gmt":"2024-04-10T18:50:09","guid":{"rendered":"https:\/\/de.tilta.com\/shop\/filtro-magnetico-de-niebla-blanca-khronos-para-iphone\/"},"modified":"2025-12-05T13:33:22","modified_gmt":"2025-12-05T12:33:22","slug":"khronos-magnetic-white-mist-filter-for-iphone","status":"publish","type":"product","link":"https:\/\/eu.tilta.com\/es\/shop\/khronos-magnetic-white-mist-filter-for-iphone\/","title":{"rendered":"Filtro magn\u00e9tico de niebla blanca Khronos para iPhone"},"content":{"rendered":"<p>Los Filtros Magn\u00e9ticos Khronos est\u00e1n dise\u00f1ados espec\u00edficamente para ser utilizados con el iPhone 15 Pro y Pro Max.<\/p>\n<p>Este filtro cae f\u00e1cilmente en la bandeja para filtros de liberaci\u00f3n r\u00e1pida Khronos para iPhone cuando se utiliza la funda Khronos para iPhone.<\/p>\n<p>Este filtro es un tipo de filtro difusor que reduce el contraste y produce un sutil resplandor alrededor de las fuentes de luz.<\/p>\n<p>Esto crea una atm\u00f3sfera visual suave, al tiempo que conserva la nitidez y el mayor detalle posible en las sombras.<\/p>\n<p>Este filtro es ideal para los usuarios que buscan un estilo visual difuso m\u00e1s pronunciado.<\/p>\n","protected":false},"excerpt":{"rendered":"<p>Los Filtros Magn\u00e9ticos Khronos est\u00e1n dise\u00f1ados espec\u00edficamente para ser utilizados con el iPhone 15 Pro y Pro Max. Este filtro cae f\u00e1cilmente en la bandeja para filtros de liberaci\u00f3n r\u00e1pida Khronos para iPhone cuando se utiliza la funda Khronos para [&hellip;]<\/p>\n","protected":false},"featured_media":2026529,"comment_status":"closed","ping_status":"closed","template":"","meta":[],"product_cat":[3500,3351,4207,2943],"product_tag":[],"acf":[],"gallery_images":[1975034,1975035,1975036,1975037],"_links":{"self":[{"href":"https:\/\/eu.tilta.com\/es\/wp-json\/wp\/v2\/product\/2002293"}],"collection":[{"href":"https:\/\/eu.tilta.com\/es\/wp-json\/wp\/v2\/product"}],"about":[{"href":"https:\/\/eu.tilta.com\/es\/wp-json\/wp\/v2\/types\/product"}],"replies":[{"embeddable":true,"href":"https:\/\/eu.tilta.com\/es\/wp-json\/wp\/v2\/comments?post=2002293"}],"wp:featuredmedia":[{"embeddable":true,"href":"https:\/\/eu.tilta.com\/es\/wp-json\/wp\/v2\/media\/2026529"}],"wp:attachment":[{"href":"https:\/\/eu.tilta.com\/es\/wp-json\/wp\/v2\/media?parent=2002293"}],"wp:term":[{"taxonomy":"product_cat","embeddable":true,"href":"https:\/\/eu.tilta.com\/es\/wp-json\/wp\/v2\/product_cat?post=2002293"},{"taxonomy":"product_tag","embeddable":true,"href":"https:\/\/eu.tilta.com\/es\/wp-json\/wp\/v2\/product_tag?post=2002293"}],"curies":[{"name":"wp","href":"https:\/\/api.w.org\/{rel}","templated":true}]}}