{"id":2002300,"date":"2024-04-01T20:07:48","date_gmt":"2024-04-01T18:07:48","guid":{"rendered":"https:\/\/de.tilta.com\/shop\/deslizador-motorizado-brazo-hydra\/"},"modified":"2025-12-05T13:33:27","modified_gmt":"2025-12-05T12:33:27","slug":"hydra-motorized-slider-pro-kit","status":"publish","type":"product","link":"https:\/\/eu.tilta.com\/es\/shop\/hydra-motorized-slider-pro-kit\/","title":{"rendered":"Deslizador Motorizado Brazo Hydra"},"content":{"rendered":"<p><em>Presentamos el Deslizador Motorizado Hydra, la \u00faltima incorporaci\u00f3n a la familia de Soportes para Coche Hydra.<\/em><\/p>\n<p>El sistema se monta en un veh\u00edculo mediante un gancho de remolque o un adaptador de enganche y utiliza un ra\u00edl r\u00e1pido de 50 mm con ventosas para proporcionar m\u00e1s sujeci\u00f3n. El sistema tambi\u00e9n puede integrarse f\u00e1cilmente en veh\u00edculos especiales \u00fanicos como el Can-Am Maverick X3, etc.<\/p>\n<p>El brazo amortiguador y el deslizador est\u00e1n meticulosamente fabricados con aleaci\u00f3n de aluminio de calidad aeroespacial y acero inoxidable 304. Dise\u00f1ado para soportar condiciones meteorol\u00f3gicas extremas, el Hydra funciona sin problemas a temperaturas que oscilan entre -22\u2109 y 176\u2109, garantizando la resistencia al viento, la lluvia y la nieve.<\/p>\n<p>Equipada con una empu\u00f1adura y un terminal de control, la Hydra ofrece capacidades flexibles de funcionamiento a distancia. Con cable o sin \u00e9l, los usuarios pueden controlar el movimiento de la corredera desde el interior del veh\u00edculo con facilidad.<\/p>\n<p>Mediante estas opciones de control, los usuarios pueden ajustar la velocidad, la amortiguaci\u00f3n, establecer puntos A\/B y programar la corredera para que alcance estos puntos en intervalos de tiempo espec\u00edficos sin intervenci\u00f3n del usuario. Adem\u00e1s, el sistema admite futuras actualizaciones de firmware.<\/p>\n<p>A pesar de su robusta construcci\u00f3n, la Hydra est\u00e1 dise\u00f1ada pensando en la portabilidad. El deslizador pesa 110,2 lbs, y cabe c\u00f3modamente en tres maletas relativamente compactas. Esto permite guardarlo y transportarlo f\u00e1cilmente en la mayor\u00eda de camiones o todoterrenos, garantizando que siempre est\u00e9s preparado para el pr\u00f3ximo rodaje.<\/p>\n<p>Alimentado por s\u00f3lo cuatro bater\u00edas V-Mount de 14,8 V, el Hydra Slider es incre\u00edblemente eficiente. Con cuatro bater\u00edas de 270Wh (18600mAh), los usuarios pueden disfrutar de un d\u00eda entero de disparo sin cambiar las bater\u00edas. (en condiciones normales de disparo, la duraci\u00f3n de la bater\u00eda puede variar)<\/p>\n<p>Este deslizador puede desplazarse desde su punto m\u00e1s alto al m\u00e1s bajo en s\u00f3lo 4 segundos. Desciende a una velocidad de 1,4 pies por segundo, asegur\u00e1ndote que capturas tomas din\u00e1micas sin esfuerzo.<\/p>\n<p>El brazo amortiguador puede amortiguar las vibraciones en varios ejes y soporta hasta 66 lbs. El cabezal amortiguador viene con una placa de montaje para el DJI Ronin 2, lo que lo convierte en un accesorio perfecto para ese card\u00e1n.<\/p>\n<p>Si se utiliza con accesorios opcionales, el sistema puede montarse en el techo de un veh\u00edculo sin el brazo amortiguador para retransmisiones como maratones o pruebas ciclistas.<\/p>\n<p><strong>NOTA: El Kit Pro no incluye los accesorios necesarios para esta configuraci\u00f3n de emisi\u00f3n. Ponte en contacto con nuestro equipo de ventas para obtener m\u00e1s informaci\u00f3n sobre esta configuraci\u00f3n y los accesorios opcionales: sales-de@tilta.com<br \/>\n<\/strong><\/p>\n","protected":false},"excerpt":{"rendered":"<p>Presentamos el Deslizador Motorizado Hydra, la \u00faltima incorporaci\u00f3n a la familia de Soportes para Coche Hydra. El sistema se monta en un veh\u00edculo mediante un gancho de remolque o un adaptador de enganche y utiliza un ra\u00edl r\u00e1pido de 50 [&hellip;]<\/p>\n","protected":false},"featured_media":2002301,"comment_status":"closed","ping_status":"closed","template":"","meta":[],"product_cat":[2704],"product_tag":[],"acf":[],"gallery_images":[2002302,2002303,2002304,2002305,2002306,2002307,2002308,2002309,2002310,2002311,2002312],"_links":{"self":[{"href":"https:\/\/eu.tilta.com\/es\/wp-json\/wp\/v2\/product\/2002300"}],"collection":[{"href":"https:\/\/eu.tilta.com\/es\/wp-json\/wp\/v2\/product"}],"about":[{"href":"https:\/\/eu.tilta.com\/es\/wp-json\/wp\/v2\/types\/product"}],"replies":[{"embeddable":true,"href":"https:\/\/eu.tilta.com\/es\/wp-json\/wp\/v2\/comments?post=2002300"}],"wp:featuredmedia":[{"embeddable":true,"href":"https:\/\/eu.tilta.com\/es\/wp-json\/wp\/v2\/media\/2002301"}],"wp:attachment":[{"href":"https:\/\/eu.tilta.com\/es\/wp-json\/wp\/v2\/media?parent=2002300"}],"wp:term":[{"taxonomy":"product_cat","embeddable":true,"href":"https:\/\/eu.tilta.com\/es\/wp-json\/wp\/v2\/product_cat?post=2002300"},{"taxonomy":"product_tag","embeddable":true,"href":"https:\/\/eu.tilta.com\/es\/wp-json\/wp\/v2\/product_tag?post=2002300"}],"curies":[{"name":"wp","href":"https:\/\/api.w.org\/{rel}","templated":true}]}}