{"id":2002349,"date":"2024-03-11T18:13:59","date_gmt":"2024-03-11T17:13:59","guid":{"rendered":"https:\/\/de.tilta.com\/shop\/cabezal-amortiguador-para-brazo-hydra-mini\/"},"modified":"2025-12-05T13:33:16","modified_gmt":"2025-12-05T12:33:16","slug":"shock-absorbing-head-for-hydra-arm-mini","status":"publish","type":"product","link":"https:\/\/eu.tilta.com\/es\/shop\/shock-absorbing-head-for-hydra-arm-mini\/","title":{"rendered":"Cabezal amortiguador para brazo Hydra Mini"},"content":{"rendered":"<p>Este Cabezal Amortiguador sirve para sustituir al que se incluye con el Brazo Hidra Mini.<\/p>\n<p>El cabezal amortiguador se acopla al extremo del brazo del Hydra Arm Mini y permite a los usuarios montar un card\u00e1n mediante la placa de liberaci\u00f3n r\u00e1pida del kit original.<\/p>\n<p>La estructura de este cabezal ayuda a absorber las microvibraciones para conseguir un mejor rendimiento del card\u00e1n.<\/p>\n<p>Admite una carga \u00fatil de hasta 10 kg o 22 lb.<\/p>\n<p><strong>Ten en cuenta que la placa de liberaci\u00f3n r\u00e1pida necesaria para acoplar un card\u00e1n no se incluye con este cabezal.  <\/strong><\/p>\n","protected":false},"excerpt":{"rendered":"<p>Este Cabezal Amortiguador sirve para sustituir al que se incluye con el Brazo Hidra Mini. El cabezal amortiguador se acopla al extremo del brazo del Hydra Arm Mini y permite a los usuarios montar un card\u00e1n mediante la placa de [&hellip;]<\/p>\n","protected":false},"featured_media":2002351,"comment_status":"closed","ping_status":"closed","template":"","meta":[],"product_cat":[2703],"product_tag":[],"acf":[],"gallery_images":[2002352,2002353,2002354],"_links":{"self":[{"href":"https:\/\/eu.tilta.com\/es\/wp-json\/wp\/v2\/product\/2002349"}],"collection":[{"href":"https:\/\/eu.tilta.com\/es\/wp-json\/wp\/v2\/product"}],"about":[{"href":"https:\/\/eu.tilta.com\/es\/wp-json\/wp\/v2\/types\/product"}],"replies":[{"embeddable":true,"href":"https:\/\/eu.tilta.com\/es\/wp-json\/wp\/v2\/comments?post=2002349"}],"wp:featuredmedia":[{"embeddable":true,"href":"https:\/\/eu.tilta.com\/es\/wp-json\/wp\/v2\/media\/2002351"}],"wp:attachment":[{"href":"https:\/\/eu.tilta.com\/es\/wp-json\/wp\/v2\/media?parent=2002349"}],"wp:term":[{"taxonomy":"product_cat","embeddable":true,"href":"https:\/\/eu.tilta.com\/es\/wp-json\/wp\/v2\/product_cat?post=2002349"},{"taxonomy":"product_tag","embeddable":true,"href":"https:\/\/eu.tilta.com\/es\/wp-json\/wp\/v2\/product_tag?post=2002349"}],"curies":[{"name":"wp","href":"https:\/\/api.w.org\/{rel}","templated":true}]}}